{"id":636119,"date":"2025-03-22T03:23:50","date_gmt":"2025-03-22T02:23:50","guid":{"rendered":"https:\/\/shop.kustom.ch\/produkt\/ability-skirt-w\/"},"modified":"2026-03-27T13:18:46","modified_gmt":"2026-03-27T12:18:46","slug":"ability-skirt-w","status":"publish","type":"product","link":"https:\/\/shop.kustom.ch\/en\/product\/ability-skirt-w\/","title":{"rendered":"Ability Skirt W"},"content":{"rendered":"<p>The Ability Skirt is a highly functional playing and training skirt that is tailored to racket sports such as tennis and padel.<\/p>\n<p>The skirt is made of a functional and elastic polyester fabric that offers excellent moisture transport and freedom of movement. Inner tights with an elasticated power mesh pocket on each leg allow for safe storage of tennis balls during intense rallies. In addition, the skirt features perforated vents on the back for better air circulation and a wide waistband for optimal comfort. Perfect for branding with club, sponsor or company logos.<\/p>\n<p>- Lightweight, elasticated fabric made from recycled polyester and elastane<br \/>\n- Elasticated and highly functional inner tights<br \/>\n- Perforated on the back<br \/>\n- Elasticated power mesh pocket on each leg<br \/>\n- Wide, elasticated waistband<br \/>\n- Clear design<\/p>\n<p>Material: Body: 88% recycled polyester, 12% elastane. Lining: 77% recycled polyester, 23% elastane<\/p>","protected":false},"excerpt":{"rendered":"<p>Der Ability Skirt ist ein hochfunktioneller Spiel- und Trainingsrock, der auf Schl\u00e4gersportarten wie Tennis und Padel zugeschnitten ist. Der Rock besteht aus einem funktionellen und elastischen Polyestergewebe, das einen hervorragenden Feuchtigkeitstransport und Bewegungsfreiheit bietet. Innentights mit einer elastischen Power-Mesh-Tasche an jedem Bein erm\u00f6glichen die sichere Aufbewahrung von Tennisb\u00e4llen w\u00e4hrend intensiver Ballwechsel. Dar\u00fcber hinaus verf\u00fcgt der [&hellip;]<\/p>\n","protected":false},"featured_media":624797,"template":"","meta":[],"product_brand":[],"product_cat":[4194],"product_tag":[],"class_list":{"0":"post-636119","1":"product","2":"type-product","3":"status-publish","4":"has-post-thumbnail","6":"product_cat-roecke","7":"pa_brand-craft-teamwear","8":"pa_brand-type-sportswear","9":"pa_filter-color-blau","10":"pa_filter-color-schwarz","11":"pa_filter-color-weiss","13":"first","14":"instock","15":"sale","16":"taxable","17":"shipping-taxable","18":"purchasable","19":"product-type-variable","20":"add-to-wishlist-before_image"},"exclude_global_add_ons":[],"addons":[],"acf":[],"_links":{"self":[{"href":"https:\/\/shop.kustom.ch\/en\/wp-json\/wp\/v2\/product\/636119"}],"collection":[{"href":"https:\/\/shop.kustom.ch\/en\/wp-json\/wp\/v2\/product"}],"about":[{"href":"https:\/\/shop.kustom.ch\/en\/wp-json\/wp\/v2\/types\/product"}],"wp:featuredmedia":[{"embeddable":true,"href":"https:\/\/shop.kustom.ch\/en\/wp-json\/wp\/v2\/media\/624797"}],"wp:attachment":[{"href":"https:\/\/shop.kustom.ch\/en\/wp-json\/wp\/v2\/media?parent=636119"}],"wp:term":[{"taxonomy":"product_brand","embeddable":true,"href":"https:\/\/shop.kustom.ch\/en\/wp-json\/wp\/v2\/product_brand?post=636119"},{"taxonomy":"product_cat","embeddable":true,"href":"https:\/\/shop.kustom.ch\/en\/wp-json\/wp\/v2\/product_cat?post=636119"},{"taxonomy":"product_tag","embeddable":true,"href":"https:\/\/shop.kustom.ch\/en\/wp-json\/wp\/v2\/product_tag?post=636119"}],"curies":[{"name":"wp","href":"https:\/\/api.w.org\/{rel}","templated":true}]}}