{"id":636006,"date":"2025-03-22T03:23:04","date_gmt":"2025-03-22T02:23:04","guid":{"rendered":"https:\/\/shop.kustom.ch\/?post_type=product&#038;p=636006"},"modified":"2026-03-27T13:53:06","modified_gmt":"2026-03-27T12:53:06","slug":"ability-practice-backpack-24l","status":"publish","type":"product","link":"https:\/\/shop.kustom.ch\/en\/product\/ability-practice-backpack-24l\/","title":{"rendered":"Ability Practice Backpack 24L"},"content":{"rendered":"<p>The Ability Practice Backpack is a durable backpack that can be easily integrated from your training sessions into your everyday life.<\/p>\n<p>This versatile backpack made from hard-wearing polyester material has a main compartment that can easily accommodate training equipment or everyday items. It also has a practical side pocket to keep your water bottle close at hand. In addition, the shoulder straps and back sections are lightly padded for greater comfort. Perfect for branding with club, sponsor or company logos.<\/p>\n<p>- Durable material made from recycled polyester<br \/>\n- Lightly padded shoulder straps and back section<br \/>\n- Side pocket for water bottle<br \/>\n- Reflective details<br \/>\n- Clear design<br \/>\n- H48 x L30 x W17.5 cm<br \/>\n- Volume: 24 litres<\/p>\n<p>Material: 100% recycled polyester<\/p>","protected":false},"excerpt":{"rendered":"<p>Der Ability Practice Backpack ist ein strapazierf\u00e4higer Rucksack, der sich problemlos von Ihren Trainingseinheiten in Ihren Alltag integrieren l\u00e4sst. Dieser vielseitige Rucksack aus strapazierf\u00e4higem Polyestermaterial verf\u00fcgt \u00fcber ein Hauptfach, in dem Trainingsausr\u00fcstung oder Alltagsgegenst\u00e4nde problemlos Platz finden. Ausserdem verf\u00fcgt er \u00fcber eine praktische Seitentasche, in der Sie Ihre Wasserflasche immer griffbereit haben. Dar\u00fcber hinaus sind [&hellip;]<\/p>\n","protected":false},"featured_media":624713,"template":"","meta":[],"product_brand":[],"product_cat":[4195],"product_tag":[],"class_list":{"0":"post-636006","1":"product","2":"type-product","3":"status-publish","4":"has-post-thumbnail","6":"product_cat-rucksaecke-taschen","7":"pa_brand-craft-teamwear","8":"pa_brand-type-sportswear","9":"pa_filter-color-blau","10":"pa_filter-color-gruen","11":"pa_filter-color-rot","12":"pa_filter-color-schwarz","14":"first","15":"instock","16":"sale","17":"taxable","18":"shipping-taxable","19":"purchasable","20":"product-type-variable","21":"add-to-wishlist-before_image"},"exclude_global_add_ons":[],"addons":[],"acf":[],"_links":{"self":[{"href":"https:\/\/shop.kustom.ch\/en\/wp-json\/wp\/v2\/product\/636006"}],"collection":[{"href":"https:\/\/shop.kustom.ch\/en\/wp-json\/wp\/v2\/product"}],"about":[{"href":"https:\/\/shop.kustom.ch\/en\/wp-json\/wp\/v2\/types\/product"}],"wp:featuredmedia":[{"embeddable":true,"href":"https:\/\/shop.kustom.ch\/en\/wp-json\/wp\/v2\/media\/624713"}],"wp:attachment":[{"href":"https:\/\/shop.kustom.ch\/en\/wp-json\/wp\/v2\/media?parent=636006"}],"wp:term":[{"taxonomy":"product_brand","embeddable":true,"href":"https:\/\/shop.kustom.ch\/en\/wp-json\/wp\/v2\/product_brand?post=636006"},{"taxonomy":"product_cat","embeddable":true,"href":"https:\/\/shop.kustom.ch\/en\/wp-json\/wp\/v2\/product_cat?post=636006"},{"taxonomy":"product_tag","embeddable":true,"href":"https:\/\/shop.kustom.ch\/en\/wp-json\/wp\/v2\/product_tag?post=636006"}],"curies":[{"name":"wp","href":"https:\/\/api.w.org\/{rel}","templated":true}]}}