{"id":635976,"date":"2025-03-22T03:22:28","date_gmt":"2025-03-22T02:22:28","guid":{"rendered":"https:\/\/shop.kustom.ch\/?post_type=product&#038;p=635976"},"modified":"2026-03-27T13:40:47","modified_gmt":"2026-03-27T12:40:47","slug":"ability-polo-m","status":"publish","type":"product","link":"https:\/\/shop.kustom.ch\/en\/product\/ability-polo-m\/","title":{"rendered":"Ability Polo M"},"content":{"rendered":"<p>Ability Polo is a premium polo shirt made from recycled polyester that combines great functionality with excellent stretch and a soft feel for maximum comfort. Strategically placed mesh inserts and perforations provide improved ventilation, while the ergonomic design allows full freedom of movement. Perfect for branding with club, sponsor or company logos.<\/p>\n<p>- Made from recycled polyester<br \/>\n- Mesh inserts at hotspots<br \/>\n- Body-centred perforations<br \/>\n- Polo collar with button fastening<br \/>\n- Clear design<\/p>\n<p>Material: 100% recycled polyester<\/p>","protected":false},"excerpt":{"rendered":"<p>Ability Polo ist ein Premium-Poloshirt aus recyceltem Polyester, das grossartige Funktionalit\u00e4t mit hervorragender Dehnbarkeit und weicher Haptik f\u00fcr maximalen Komfort kombiniert. Strategisch platzierte Mesh-Eins\u00e4tze und Perforationen sorgen f\u00fcr eine verbesserte Bel\u00fcftung, w\u00e4hrend das ergonomische Design volle Bewegungsfreiheit erm\u00f6glicht. Perfekt f\u00fcr das Branding mit Vereins-, Sponsoren- oder Firmenlogos. \u2022 Hergestellt aus recyceltem Polyester \u2022 Mesh-Eins\u00e4tze an [&hellip;]<\/p>\n","protected":false},"featured_media":624662,"template":"","meta":[],"product_brand":[],"product_cat":[4193],"product_tag":[],"class_list":{"0":"post-635976","1":"product","2":"type-product","3":"status-publish","4":"has-post-thumbnail","6":"product_cat-polos","7":"pa_brand-craft-teamwear","8":"pa_brand-type-sportswear","9":"pa_filter-color-blau","10":"pa_filter-color-schwarz","11":"pa_filter-color-weiss","13":"first","14":"instock","15":"sale","16":"taxable","17":"shipping-taxable","18":"purchasable","19":"product-type-variable","20":"add-to-wishlist-before_image"},"exclude_global_add_ons":[],"addons":[],"acf":[],"_links":{"self":[{"href":"https:\/\/shop.kustom.ch\/en\/wp-json\/wp\/v2\/product\/635976"}],"collection":[{"href":"https:\/\/shop.kustom.ch\/en\/wp-json\/wp\/v2\/product"}],"about":[{"href":"https:\/\/shop.kustom.ch\/en\/wp-json\/wp\/v2\/types\/product"}],"wp:featuredmedia":[{"embeddable":true,"href":"https:\/\/shop.kustom.ch\/en\/wp-json\/wp\/v2\/media\/624662"}],"wp:attachment":[{"href":"https:\/\/shop.kustom.ch\/en\/wp-json\/wp\/v2\/media?parent=635976"}],"wp:term":[{"taxonomy":"product_brand","embeddable":true,"href":"https:\/\/shop.kustom.ch\/en\/wp-json\/wp\/v2\/product_brand?post=635976"},{"taxonomy":"product_cat","embeddable":true,"href":"https:\/\/shop.kustom.ch\/en\/wp-json\/wp\/v2\/product_cat?post=635976"},{"taxonomy":"product_tag","embeddable":true,"href":"https:\/\/shop.kustom.ch\/en\/wp-json\/wp\/v2\/product_tag?post=635976"}],"curies":[{"name":"wp","href":"https:\/\/api.w.org\/{rel}","templated":true}]}}