{"id":635974,"date":"2025-03-22T03:22:28","date_gmt":"2025-03-22T02:22:28","guid":{"rendered":"https:\/\/shop.kustom.ch\/?post_type=product&#038;p=635974"},"modified":"2026-03-27T14:52:34","modified_gmt":"2026-03-27T13:52:34","slug":"ability-jersey-high-hat-jr","status":"publish","type":"product","link":"https:\/\/shop.kustom.ch\/en\/product\/ability-jersey-high-hat-jr\/","title":{"rendered":"Ability Jersey High Hat JR"},"content":{"rendered":"<p>Ability Jersey High Hat is a functional training hat that is perfect for workouts in cool conditions. The hat is made from recycled jersey with excellent stretch for an optimal fit.<\/p>\n<p>- Soft and stretchy jersey made from recycled polyester<br \/>\n- High fit<\/p>\n<p>Material: 88% recycled polyester, 12% elastane<\/p>","protected":false},"excerpt":{"rendered":"<p>Ability Jersey High Hat ist eine funktionelle Trainingsm\u00fctze, die sich perfekt f\u00fcr Workouts bei k\u00fchlen Bedingungen eignet. Die M\u00fctze besteht aus recyceltem Jersey mit hervorragender Dehnbarkeit f\u00fcr eine optimale Passform. \u2022 Weicher und elastischer Jersey aus recyceltem Polyester \u2022 Hohe Passform Material: 88% Recycling-Polyester, 12% Elasthan<\/p>","protected":false},"featured_media":482520,"template":"","meta":[],"product_brand":[],"product_cat":[4177],"product_tag":[],"class_list":{"0":"post-635974","1":"product","2":"type-product","3":"status-publish","4":"has-post-thumbnail","6":"product_cat-caps-muetzen","7":"pa_brand-craft-teamwear","8":"pa_brand-type-sportswear","9":"pa_filter-color-blau","10":"pa_filter-color-gruen","11":"pa_filter-color-rot","12":"pa_filter-color-schwarz","13":"pa_filter-color-weiss","15":"first","16":"instock","17":"sale","18":"taxable","19":"shipping-taxable","20":"purchasable","21":"product-type-variable","22":"add-to-wishlist-before_image"},"exclude_global_add_ons":[],"addons":[],"acf":[],"_links":{"self":[{"href":"https:\/\/shop.kustom.ch\/en\/wp-json\/wp\/v2\/product\/635974"}],"collection":[{"href":"https:\/\/shop.kustom.ch\/en\/wp-json\/wp\/v2\/product"}],"about":[{"href":"https:\/\/shop.kustom.ch\/en\/wp-json\/wp\/v2\/types\/product"}],"wp:featuredmedia":[{"embeddable":true,"href":"https:\/\/shop.kustom.ch\/en\/wp-json\/wp\/v2\/media\/482520"}],"wp:attachment":[{"href":"https:\/\/shop.kustom.ch\/en\/wp-json\/wp\/v2\/media?parent=635974"}],"wp:term":[{"taxonomy":"product_brand","embeddable":true,"href":"https:\/\/shop.kustom.ch\/en\/wp-json\/wp\/v2\/product_brand?post=635974"},{"taxonomy":"product_cat","embeddable":true,"href":"https:\/\/shop.kustom.ch\/en\/wp-json\/wp\/v2\/product_cat?post=635974"},{"taxonomy":"product_tag","embeddable":true,"href":"https:\/\/shop.kustom.ch\/en\/wp-json\/wp\/v2\/product_tag?post=635974"}],"curies":[{"name":"wp","href":"https:\/\/api.w.org\/{rel}","templated":true}]}}