{"id":635911,"date":"2025-03-22T03:22:02","date_gmt":"2025-03-22T02:22:02","guid":{"rendered":"https:\/\/shop.kustom.ch\/?post_type=product&#038;p=635911"},"modified":"2026-03-27T13:55:58","modified_gmt":"2026-03-27T12:55:58","slug":"ability-backpack-27l","status":"publish","type":"product","link":"https:\/\/shop.kustom.ch\/en\/product\/ability-backpack-27l\/","title":{"rendered":"Ability Backpack 27L"},"content":{"rendered":"<p>Ability Backpack is a durable backpack that works seamlessly for training sessions and everyday activities.<\/p>\n<p>This versatile backpack made of durable polyester material has a main compartment that can easily accommodate training equipment or everyday items. It also has a separate bottom compartment that offers special space for a football, shoes or wet clothes after training. In addition, the shoulder straps and back panels are equipped with soft mesh padding for better air circulation and optimum comfort. Perfect for branding with club, sponsor or company logos.<\/p>\n<p>- Durable material made from recycled polyester<br \/>\n- Mesh-padded shoulder straps and back section<br \/>\n- Separate bottom compartment for shoes or football<br \/>\n- Elasticated mesh side pocket for water bottle<br \/>\n- Reflective details<br \/>\n- Clear design<br \/>\n- H49 x L29 x W20 cm<br \/>\n- Volume: 24 litres<\/p>\n<p>Material: 100% recycled polyester<\/p>","protected":false},"excerpt":{"rendered":"<p>Ability Backpack ist ein strapazierf\u00e4higer Rucksack, der sich nahtlos f\u00fcr Trainingseinheiten und Alltagsaktivit\u00e4ten eignet. Dieser vielseitige Rucksack aus strapazierf\u00e4higem Polyestermaterial verf\u00fcgt \u00fcber ein Hauptfach, in dem Trainingsausr\u00fcstung oder Alltagsgegenst\u00e4nde problemlos Platz finden. Es verf\u00fcgt ausserdem \u00fcber ein separates Bodenfach, das speziellen Platz f\u00fcr einen Fussball, Schuhe oder nasse Kleidung nach dem Training bietet. Dar\u00fcber hinaus [&hellip;]<\/p>\n","protected":false},"featured_media":624589,"template":"","meta":[],"product_brand":[],"product_cat":[4195],"product_tag":[],"class_list":{"0":"post-635911","1":"product","2":"type-product","3":"status-publish","4":"has-post-thumbnail","6":"product_cat-rucksaecke-taschen","7":"pa_brand-craft-teamwear","8":"pa_brand-type-sportswear","9":"pa_filter-color-blau","10":"pa_filter-color-schwarz","12":"first","13":"instock","14":"sale","15":"taxable","16":"shipping-taxable","17":"purchasable","18":"product-type-variable","19":"add-to-wishlist-before_image"},"exclude_global_add_ons":[],"addons":[],"acf":[],"_links":{"self":[{"href":"https:\/\/shop.kustom.ch\/en\/wp-json\/wp\/v2\/product\/635911"}],"collection":[{"href":"https:\/\/shop.kustom.ch\/en\/wp-json\/wp\/v2\/product"}],"about":[{"href":"https:\/\/shop.kustom.ch\/en\/wp-json\/wp\/v2\/types\/product"}],"wp:featuredmedia":[{"embeddable":true,"href":"https:\/\/shop.kustom.ch\/en\/wp-json\/wp\/v2\/media\/624589"}],"wp:attachment":[{"href":"https:\/\/shop.kustom.ch\/en\/wp-json\/wp\/v2\/media?parent=635911"}],"wp:term":[{"taxonomy":"product_brand","embeddable":true,"href":"https:\/\/shop.kustom.ch\/en\/wp-json\/wp\/v2\/product_brand?post=635911"},{"taxonomy":"product_cat","embeddable":true,"href":"https:\/\/shop.kustom.ch\/en\/wp-json\/wp\/v2\/product_cat?post=635911"},{"taxonomy":"product_tag","embeddable":true,"href":"https:\/\/shop.kustom.ch\/en\/wp-json\/wp\/v2\/product_tag?post=635911"}],"curies":[{"name":"wp","href":"https:\/\/api.w.org\/{rel}","templated":true}]}}