{"id":635850,"date":"2025-03-22T03:17:23","date_gmt":"2025-03-22T02:17:23","guid":{"rendered":"https:\/\/shop.kustom.ch\/?post_type=product&#038;p=635850"},"modified":"2026-03-27T13:21:54","modified_gmt":"2026-03-27T12:21:54","slug":"ability-3-4-tights-uni","status":"publish","type":"product","link":"https:\/\/shop.kustom.ch\/en\/product\/ability-3-4-tights-uni\/","title":{"rendered":"Ability 3\/4 Tights Uni"},"content":{"rendered":"<p>Ability 3\/4 Tights are functional training and game day tights tailored to the dynamic nature of basketball, providing support for quick turns, explosive jumps and uninterrupted movement across the court.<\/p>\n<p>When you feel good, you perform great. These highly functional basketball tights are made from a 4-way stretch fabric that provides light compression to help you stay focused and ready to perform at your best. Made from recycled polyamide and elastane, the tights offer excellent body temperature management and freedom of movement. The 3\/4 length ensures the right posture and feel. <\/p>\n<p>- 4-way stretch fabric made from recycled polyamide and elastane<br \/>\n- Light compression<br \/>\n- 3\/4 length<br \/>\n- Ergonomic design<br \/>\n- Moulded waist<\/p>\n<p>Material: 91% recycled polyamide, 9% elastane<\/p>","protected":false},"excerpt":{"rendered":"<p>Ability 3\/4 Tights sind funktionelle Trainings- und Spieltagstights, die auf die dynamische Natur des Basketballs zugeschnitten sind und Unterst\u00fctzung f\u00fcr schnelle Wendungen, explosive Spr\u00fcnge und ununterbrochene Bewegungen \u00fcber das Spielfeld bieten. Wenn Sie sich gut f\u00fchlen, leisten Sie Grossartiges. Diese hochfunktionellen Basketball-Tights bestehen aus einem 4-Wege-Stretchgewebe, das eine leichte Kompression bietet und Ihnen hilft, konzentriert [&hellip;]<\/p>\n","protected":false},"featured_media":624480,"template":"","meta":[],"product_brand":[],"product_cat":[4206],"product_tag":[],"class_list":{"0":"post-635850","1":"product","2":"type-product","3":"status-publish","4":"has-post-thumbnail","6":"product_cat-underwear","7":"pa_brand-craft-teamwear","8":"pa_brand-type-sportswear","9":"pa_filter-color-schwarz","10":"pa_filter-color-weiss","12":"first","13":"instock","14":"sale","15":"taxable","16":"shipping-taxable","17":"purchasable","18":"product-type-variable","19":"add-to-wishlist-before_image"},"exclude_global_add_ons":[],"addons":[],"acf":[],"_links":{"self":[{"href":"https:\/\/shop.kustom.ch\/en\/wp-json\/wp\/v2\/product\/635850"}],"collection":[{"href":"https:\/\/shop.kustom.ch\/en\/wp-json\/wp\/v2\/product"}],"about":[{"href":"https:\/\/shop.kustom.ch\/en\/wp-json\/wp\/v2\/types\/product"}],"wp:featuredmedia":[{"embeddable":true,"href":"https:\/\/shop.kustom.ch\/en\/wp-json\/wp\/v2\/media\/624480"}],"wp:attachment":[{"href":"https:\/\/shop.kustom.ch\/en\/wp-json\/wp\/v2\/media?parent=635850"}],"wp:term":[{"taxonomy":"product_brand","embeddable":true,"href":"https:\/\/shop.kustom.ch\/en\/wp-json\/wp\/v2\/product_brand?post=635850"},{"taxonomy":"product_cat","embeddable":true,"href":"https:\/\/shop.kustom.ch\/en\/wp-json\/wp\/v2\/product_cat?post=635850"},{"taxonomy":"product_tag","embeddable":true,"href":"https:\/\/shop.kustom.ch\/en\/wp-json\/wp\/v2\/product_tag?post=635850"}],"curies":[{"name":"wp","href":"https:\/\/api.w.org\/{rel}","templated":true}]}}