{"id":624274,"date":"2025-03-20T05:14:36","date_gmt":"2025-03-20T04:14:36","guid":{"rendered":"https:\/\/shop.kustom.ch\/?post_type=product&#038;p=624274"},"modified":"2026-03-30T07:32:30","modified_gmt":"2026-03-30T06:32:30","slug":"hakro-kapuzen-tecjacke-eco","status":"publish","type":"product","link":"https:\/\/shop.kustom.ch\/en\/product\/hakro-kapuzen-tecjacke-eco\/","title":{"rendered":"HAKRO hooded tec jacket ECO"},"content":{"rendered":"<p>Functional, sporty cut jacket with double-stitching on the hood. Front zip with zip garage and slit pockets with zips. All YKK\u00ae click-down zips in black. Easy-care and quick-drying stretch material made from TRIACTIVE functional fibre with GRS-certified, recycled polyester. Brushed inside for high thermal insulation. Also available as a women's model. Regular fit.<\/p>\n<p>- Material: TRIACTIVE, interlock fleece (knitted fabric) made from 95 % polyester (recycled) and 5 % elastane<br \/>\n- Weight: 230 g\/m\u00b2<br \/>\n- Characteristics: easy-care, anti-pilling, breathable<br \/>\n- Fit: Regular fit<br \/>\n- Seal: Fair Wear Leader, ClimatePartner certified product, OEKO-TEX\u00ae STANDARD 100, Global Recycled Standard (GRS), Green Button<br \/>\n- Washing temperature: 30 \u00b0C<br \/>\n- Sizes: XS-3XL<\/p>","protected":false},"excerpt":{"rendered":"<p>Funktionelle, sportiv geschnittene Jacke mit Zweinaht-Verarbeitung an der Kapuze. Frontreissverschluss mit Reissverschlussgarage und Einschubtaschen mit Reissverschl\u00fcssen. Alle Click-Down-Reissverschl\u00fcsse von YKK\u00ae in Schwarz. Pflegeleichtes und schnelltrocknendes Stretchmaterial aus der Funktionsfaser TRIACTIVE mit GRS-zertifiziertem, recyceltem Polyester. Angeraute Innenseite f\u00fcr hohe W\u00e4rmeisolation. Verf\u00fcgbar auch als Damenmodell. Normale Passform: Regular Fit. \u2022 Material: TRIACTIVE, Interlock-Fleece (Maschenware) aus 95 % [&hellip;]<\/p>\n","protected":false},"featured_media":624284,"template":"","meta":[],"product_brand":[],"product_cat":[4186],"product_tag":[],"class_list":{"0":"post-624274","1":"product","2":"type-product","3":"status-publish","4":"has-post-thumbnail","6":"product_cat-jacken","7":"pa_brand-hakro","8":"pa_brand-type-workwear","9":"pa_filter-color-blau","10":"pa_filter-color-grau","11":"pa_filter-color-schwarz","13":"first","14":"instock","15":"sale","16":"taxable","17":"shipping-taxable","18":"purchasable","19":"product-type-variable","20":"add-to-wishlist-before_image"},"exclude_global_add_ons":[],"addons":[],"acf":[],"_links":{"self":[{"href":"https:\/\/shop.kustom.ch\/en\/wp-json\/wp\/v2\/product\/624274"}],"collection":[{"href":"https:\/\/shop.kustom.ch\/en\/wp-json\/wp\/v2\/product"}],"about":[{"href":"https:\/\/shop.kustom.ch\/en\/wp-json\/wp\/v2\/types\/product"}],"wp:featuredmedia":[{"embeddable":true,"href":"https:\/\/shop.kustom.ch\/en\/wp-json\/wp\/v2\/media\/624284"}],"wp:attachment":[{"href":"https:\/\/shop.kustom.ch\/en\/wp-json\/wp\/v2\/media?parent=624274"}],"wp:term":[{"taxonomy":"product_brand","embeddable":true,"href":"https:\/\/shop.kustom.ch\/en\/wp-json\/wp\/v2\/product_brand?post=624274"},{"taxonomy":"product_cat","embeddable":true,"href":"https:\/\/shop.kustom.ch\/en\/wp-json\/wp\/v2\/product_cat?post=624274"},{"taxonomy":"product_tag","embeddable":true,"href":"https:\/\/shop.kustom.ch\/en\/wp-json\/wp\/v2\/product_tag?post=624274"}],"curies":[{"name":"wp","href":"https:\/\/api.w.org\/{rel}","templated":true}]}}