{"id":623454,"date":"2025-03-20T05:08:56","date_gmt":"2025-03-20T04:08:56","guid":{"rendered":"https:\/\/shop.kustom.ch\/?post_type=product&#038;p=623454"},"modified":"2026-03-30T07:27:39","modified_gmt":"2026-03-30T06:27:39","slug":"hakro-activeshorts-2","status":"publish","type":"product","link":"https:\/\/shop.kustom.ch\/en\/product\/hakro-activeshorts-2\/","title":{"rendered":"HAKRO active shorts"},"content":{"rendered":"<p>Sporty cut active shorts with concealed press stud. Stretchy waistband with tone-on-tone woven HAKRO logo, zip and belt loops. Two slit pockets and back pockets with concealed zip, one zip pocket with zip garage and reflective appliqu\u00e9 on the left leg and an elaborate cargo pocket with integrated reflective tape on the right leg. All zips from YKK\u00ae. Elasticated, hard-wearing 4-way stretch material. Reinforced inserts on the inside leg and seat made of ripstop material, safety bar in contrasting anthracite colour. Also available as a ladies' model. Regular fit.<\/p>\n<p>- Material: 4-way stretch material (fabric) made from 88 % polyamide (nylon) and 12 % elastane, ripstop inserts made from 90 % polyamide (nylon) and 10 % elastane<br \/>\n- Weight: main material 190 g\/m\u00b2, inserts 235 g\/m\u00b2<br \/>\n- Characteristics: breathable, water-repellent<br \/>\n- Fit: Regular fit<br \/>\n- Seal: Fair Wear Leader, ClimatePartner certified product, OEKO-TEX\u00ae STANDARD 100<br \/>\n- Washing temperature: 40 \u00b0C<br \/>\n- Sizes: XS-3XL<\/p>","protected":false},"excerpt":{"rendered":"<p>Sportiv geschnittene Activeshorts mit verdeckt eingearbeitetem Druckknopf. Dehnbarer Hosenbund mit Ton in Ton eingewebtem HAKRO Logo, Reissverschluss und G\u00fcrtelschlaufen. Zwei Einschubtaschen und Ges\u00e4sstaschen mit verdecktem Reissverschluss, eine Reissverschlusstasche mit Reissverschlussgarage und Reflexapplikation am linken Bein und eine aufwendig gearbeitete Cargotasche mit eingearbeitetem Reflexband am rechten Bein. Alle Reissverschl\u00fcsse von YKK\u00ae. Elastisches, strapazierf\u00e4higes 4-Wege-Stretchmaterial. Verst\u00e4rkte Eins\u00e4tze [&hellip;]<\/p>\n","protected":false},"featured_media":623503,"template":"","meta":[],"product_brand":[],"product_cat":[4185],"product_tag":[],"class_list":{"0":"post-623454","1":"product","2":"type-product","3":"status-publish","4":"has-post-thumbnail","6":"product_cat-hosen","7":"pa_brand-hakro","8":"pa_brand-type-workwear","9":"pa_filter-color-blau","10":"pa_filter-color-schwarz","12":"first","13":"instock","14":"sale","15":"taxable","16":"shipping-taxable","17":"purchasable","18":"product-type-variable","19":"add-to-wishlist-before_image"},"exclude_global_add_ons":[],"addons":[],"acf":[],"_links":{"self":[{"href":"https:\/\/shop.kustom.ch\/en\/wp-json\/wp\/v2\/product\/623454"}],"collection":[{"href":"https:\/\/shop.kustom.ch\/en\/wp-json\/wp\/v2\/product"}],"about":[{"href":"https:\/\/shop.kustom.ch\/en\/wp-json\/wp\/v2\/types\/product"}],"wp:featuredmedia":[{"embeddable":true,"href":"https:\/\/shop.kustom.ch\/en\/wp-json\/wp\/v2\/media\/623503"}],"wp:attachment":[{"href":"https:\/\/shop.kustom.ch\/en\/wp-json\/wp\/v2\/media?parent=623454"}],"wp:term":[{"taxonomy":"product_brand","embeddable":true,"href":"https:\/\/shop.kustom.ch\/en\/wp-json\/wp\/v2\/product_brand?post=623454"},{"taxonomy":"product_cat","embeddable":true,"href":"https:\/\/shop.kustom.ch\/en\/wp-json\/wp\/v2\/product_cat?post=623454"},{"taxonomy":"product_tag","embeddable":true,"href":"https:\/\/shop.kustom.ch\/en\/wp-json\/wp\/v2\/product_tag?post=623454"}],"curies":[{"name":"wp","href":"https:\/\/api.w.org\/{rel}","templated":true}]}}