{"id":623139,"date":"2025-03-20T05:06:45","date_gmt":"2025-03-20T04:06:45","guid":{"rendered":"https:\/\/shop.kustom.ch\/?post_type=product&#038;p=623139"},"modified":"2026-03-30T07:26:29","modified_gmt":"2026-03-30T06:26:29","slug":"hakro-worker-jeansshorts-dyneema-x-stretch-eco","status":"publish","type":"product","link":"https:\/\/shop.kustom.ch\/en\/product\/hakro-worker-jeansshorts-dyneema-x-stretch-eco\/","title":{"rendered":"HAKRO Worker jeans shorts Dyneema\u00ae X-Stretch ECO"},"content":{"rendered":"<p>Extremely hard-wearing worker jeans shorts with a stretchy waistband thanks to robust knitted inserts on the sides. Belt loops, trouser button and zip. Patch on the back waistband and ergonomically pre-shaped fit. Two slit pockets, with additional security zip pocket on the right. Two back pockets with embroidery, right with flap and Velcro fastening. Two cargo pockets with multifunctional dividers, can be closed with flaps and zips. Patch ruler pocket on the right side. Buttons and rivets with HAKRO lettering. All zips from YKK\u00ae. Extremely hard-wearing bio-circular Dyneema\u00ae denim. Regular fit.<\/p>\n<p>- Material: Denim (fabric) made from 60.5 % cotton, 36 % polyester (recycled, REPREVE\u00ae), 2.5 % polyethylene (bio-circular Dyneema\u00ae) and 1 % elastane<br \/>\n- Weight: 420 g\/m\u00b2 (12.4 oz)<br \/>\n- Characteristics: easy-care, tear-resistant, ozone-washed<br \/>\n- Fit: Regular fit<br \/>\n- Seal: Fair Wear Leader, ClimatePartner certified product, OEKO-TEX\u00ae STANDARD 100, Supporting the Initiative Cotton made in Africa<br \/>\n- Washing temperature: 40 \u00b0C<br \/>\n- Sizes: 2XS-6XL<\/p>","protected":false},"excerpt":{"rendered":"<p>Extrem strapazierf\u00e4hige Worker-Jeansshorts mit dehnbarem Hosenbund durch robuste Strickeins\u00e4tze an den Seiten. G\u00fcrtelschlaufen, Hosenknopf und Reissverschluss. Patch am hinteren Bund und ergonomisch vorgeformte Passform. Zwei Einschubtaschen, rechts mit zus\u00e4tzlicher Sicherheits-Reissverschlusstasche. Zwei Ges\u00e4sstaschen mit Stickerei, rechts mit Patte und Klettverschluss. Zwei Cargotaschen mit multifunktionellen Unterteilungen, verschliessbar mit Patten und Reissverschl\u00fcssen. Aufgesetzte Zollstocktasche auf der rechten Seite. [&hellip;]<\/p>\n","protected":false},"featured_media":623160,"template":"","meta":[],"product_brand":[],"product_cat":[4185],"product_tag":[],"class_list":{"0":"post-623139","1":"product","2":"type-product","3":"status-publish","4":"has-post-thumbnail","6":"product_cat-hosen","7":"pa_brand-hakro","8":"pa_brand-type-workwear","9":"pa_filter-color-blau","10":"pa_filter-color-schwarz","12":"first","13":"instock","14":"sale","15":"taxable","16":"shipping-taxable","17":"purchasable","18":"product-type-variable","19":"add-to-wishlist-before_image"},"exclude_global_add_ons":[],"addons":[],"acf":[],"_links":{"self":[{"href":"https:\/\/shop.kustom.ch\/en\/wp-json\/wp\/v2\/product\/623139"}],"collection":[{"href":"https:\/\/shop.kustom.ch\/en\/wp-json\/wp\/v2\/product"}],"about":[{"href":"https:\/\/shop.kustom.ch\/en\/wp-json\/wp\/v2\/types\/product"}],"wp:featuredmedia":[{"embeddable":true,"href":"https:\/\/shop.kustom.ch\/en\/wp-json\/wp\/v2\/media\/623160"}],"wp:attachment":[{"href":"https:\/\/shop.kustom.ch\/en\/wp-json\/wp\/v2\/media?parent=623139"}],"wp:term":[{"taxonomy":"product_brand","embeddable":true,"href":"https:\/\/shop.kustom.ch\/en\/wp-json\/wp\/v2\/product_brand?post=623139"},{"taxonomy":"product_cat","embeddable":true,"href":"https:\/\/shop.kustom.ch\/en\/wp-json\/wp\/v2\/product_cat?post=623139"},{"taxonomy":"product_tag","embeddable":true,"href":"https:\/\/shop.kustom.ch\/en\/wp-json\/wp\/v2\/product_tag?post=623139"}],"curies":[{"name":"wp","href":"https:\/\/api.w.org\/{rel}","templated":true}]}}