{"id":622826,"date":"2025-03-20T05:04:31","date_gmt":"2025-03-20T04:04:31","guid":{"rendered":"https:\/\/shop.kustom.ch\/?post_type=product&#038;p=622826"},"modified":"2026-03-30T07:25:32","modified_gmt":"2026-03-30T06:25:32","slug":"hakro-performanceshorts-eco","status":"publish","type":"product","link":"https:\/\/shop.kustom.ch\/en\/product\/hakro-performanceshorts-eco\/","title":{"rendered":"HAKRO performance shorts ECO"},"content":{"rendered":"<p>Very hard-wearing, functional shorts with an elasticated waistband thanks to a robust knitted insert at the back. Safety button, zip, belt loops and sewn-in reflective tape. Two slit pockets, two back pockets with embroidery and zip pocket on the right. Thigh pocket on the right leg and slit pockets with zip and zip garage. All zips from YKK\u00ae. Particularly hard-wearing material mix of cotton, GRS-certified recycled polyester and elastolefin. Regular fit.<\/p>\n<p>- Material: Satin (fabric) made from 74 % polyester (recycled), 21 % cotton (organic) and 5 % elastolefin (XLANCE\u00ae)<br \/>\n- Weight: 285 g\/m\u00b2<br \/>\n- Characteristics: suitable for industrial laundry according to DIN EN ISO 15797, pre-shrunk, easy-care<br \/>\n- Fit: Regular fit<br \/>\n- Seal: Fair Wear Leader, ClimatePartner certified product, OEKO-TEX\u00ae STANDARD 100, Global Recycled Standard (GRS), Green Button<br \/>\n- Washing temperature: 60 \u00b0C<br \/>\n- Sizes: XS-6XL<\/p>","protected":false},"excerpt":{"rendered":"<p>Sehr strapazierf\u00e4hige, funktionelle Shorts mit dehnbarem Hosenbund durch robusten Strickeinsatz hinten. Sicherheitsknopf, Reissverschluss, G\u00fcrtelschlaufen und eingen\u00e4hte Reflexb\u00e4nder. Zwei Einschubtaschen, zwei Ges\u00e4sstaschen mit Stickerei und Reissverschlusstasche rechts. Oberschenkeltasche am rechten Bein und Einschubtaschen mit Reissverschluss und Reissverschlussgarage. Alle Reissverschl\u00fcsse von YKK\u00ae. Besonders strapazierf\u00e4higer Materialmix aus Baumwolle, GRS-zertifiziertem, recyceltem Polyester und Elastolefin. Normale Passform: Regular Fit. \u2022 [&hellip;]<\/p>\n","protected":false},"featured_media":622862,"template":"","meta":[],"product_brand":[],"product_cat":[4185],"product_tag":[],"class_list":{"0":"post-622826","1":"product","2":"type-product","3":"status-publish","4":"has-post-thumbnail","6":"product_cat-hosen","7":"pa_brand-hakro","8":"pa_brand-type-workwear","9":"pa_filter-color-blau","10":"pa_filter-color-grau","11":"pa_filter-color-gruen","12":"pa_filter-color-schwarz","13":"pa_filter-color-weiss","15":"first","16":"instock","17":"sale","18":"taxable","19":"shipping-taxable","20":"purchasable","21":"product-type-variable","22":"add-to-wishlist-before_image"},"exclude_global_add_ons":[],"addons":[],"acf":[],"_links":{"self":[{"href":"https:\/\/shop.kustom.ch\/en\/wp-json\/wp\/v2\/product\/622826"}],"collection":[{"href":"https:\/\/shop.kustom.ch\/en\/wp-json\/wp\/v2\/product"}],"about":[{"href":"https:\/\/shop.kustom.ch\/en\/wp-json\/wp\/v2\/types\/product"}],"wp:featuredmedia":[{"embeddable":true,"href":"https:\/\/shop.kustom.ch\/en\/wp-json\/wp\/v2\/media\/622862"}],"wp:attachment":[{"href":"https:\/\/shop.kustom.ch\/en\/wp-json\/wp\/v2\/media?parent=622826"}],"wp:term":[{"taxonomy":"product_brand","embeddable":true,"href":"https:\/\/shop.kustom.ch\/en\/wp-json\/wp\/v2\/product_brand?post=622826"},{"taxonomy":"product_cat","embeddable":true,"href":"https:\/\/shop.kustom.ch\/en\/wp-json\/wp\/v2\/product_cat?post=622826"},{"taxonomy":"product_tag","embeddable":true,"href":"https:\/\/shop.kustom.ch\/en\/wp-json\/wp\/v2\/product_tag?post=622826"}],"curies":[{"name":"wp","href":"https:\/\/api.w.org\/{rel}","templated":true}]}}