{"id":622582,"date":"2025-03-20T05:02:56","date_gmt":"2025-03-20T04:02:56","guid":{"rendered":"https:\/\/shop.kustom.ch\/?post_type=product&#038;p=622582"},"modified":"2026-03-30T07:24:56","modified_gmt":"2026-03-30T06:24:56","slug":"hakro-damen-chinohose-x-stretch","status":"publish","type":"product","link":"https:\/\/shop.kustom.ch\/en\/product\/hakro-damen-chinohose-x-stretch\/","title":{"rendered":"HAKRO ladies' chinos X-Stretch"},"content":{"rendered":"<p>Casually cut chinos in a 5-pocket design. Two slash pockets, coin pocket, two back pockets, belt loops and YKK\u00ae zip. Decorative button with HAKRO lettering and patch on the back waistband. Embroidery on the back pockets, at the bottom of the zip and on the waistband. Piping with lining fabric on the inside waistband and on the lower outer leg seams so that the trousers can also be worn rolled up. Soft, pre-washed, hard-wearing and elasticated cotton satin. Also available as a unisex model. Regular fit.<\/p>\n<p>- Material: Satin (fabric) made from 98 % cotton and 2 % elastane<br \/>\n- Weight: 280 g\/m\u00b2<br \/>\n- Property: pre-shrunk<br \/>\n- Fit: Regular fit<br \/>\n- Seal: Fair Wear Leader, ClimatePartner certified product, OEKO-TEX\u00ae STANDARD 100<br \/>\n- Washing temperature: 40 \u00b0C (white: 60 \u00b0C)<br \/>\n- Sizes: XS-3XL<\/p>","protected":false},"excerpt":{"rendered":"<p>Leger geschnittene Chinohose im 5-Pocket-Design. Zwei Eingrifftaschen, M\u00fcnztasche, zwei Ges\u00e4sstaschen, G\u00fcrtelschlaufen und Reissverschluss von YKK\u00ae. Dekorativer Knopf mit HAKRO Schriftzug und Patch am hinteren Bund. Stickerei auf den Ges\u00e4sstaschen, am Reissverschlussuntertritt und am Bund. Paspelierung mit Futterstoff am Innenbund sowie an den unteren Aussenbeinn\u00e4hten, so dass die Hose auch gekrempelt getragen werden kann. Weicher, vorgewaschener, [&hellip;]<\/p>\n","protected":false},"featured_media":622591,"template":"","meta":[],"product_brand":[],"product_cat":[4185],"product_tag":[],"class_list":{"0":"post-622582","1":"product","2":"type-product","3":"status-publish","4":"has-post-thumbnail","6":"product_cat-hosen","7":"pa_brand-hakro","8":"pa_brand-type-workwear","9":"pa_filter-color-beige","10":"pa_filter-color-blau","11":"pa_filter-color-grau","12":"pa_filter-color-gruen","13":"pa_filter-color-schwarz","14":"pa_filter-color-weiss","16":"first","17":"instock","18":"sale","19":"taxable","20":"shipping-taxable","21":"purchasable","22":"product-type-variable","23":"add-to-wishlist-before_image"},"exclude_global_add_ons":[],"addons":[],"acf":[],"_links":{"self":[{"href":"https:\/\/shop.kustom.ch\/en\/wp-json\/wp\/v2\/product\/622582"}],"collection":[{"href":"https:\/\/shop.kustom.ch\/en\/wp-json\/wp\/v2\/product"}],"about":[{"href":"https:\/\/shop.kustom.ch\/en\/wp-json\/wp\/v2\/types\/product"}],"wp:featuredmedia":[{"embeddable":true,"href":"https:\/\/shop.kustom.ch\/en\/wp-json\/wp\/v2\/media\/622591"}],"wp:attachment":[{"href":"https:\/\/shop.kustom.ch\/en\/wp-json\/wp\/v2\/media?parent=622582"}],"wp:term":[{"taxonomy":"product_brand","embeddable":true,"href":"https:\/\/shop.kustom.ch\/en\/wp-json\/wp\/v2\/product_brand?post=622582"},{"taxonomy":"product_cat","embeddable":true,"href":"https:\/\/shop.kustom.ch\/en\/wp-json\/wp\/v2\/product_cat?post=622582"},{"taxonomy":"product_tag","embeddable":true,"href":"https:\/\/shop.kustom.ch\/en\/wp-json\/wp\/v2\/product_tag?post=622582"}],"curies":[{"name":"wp","href":"https:\/\/api.w.org\/{rel}","templated":true}]}}