{"id":622291,"date":"2025-03-20T05:01:21","date_gmt":"2025-03-20T04:01:21","guid":{"rendered":"https:\/\/shop.kustom.ch\/?post_type=product&#038;p=622291"},"modified":"2026-03-30T07:23:47","modified_gmt":"2026-03-30T06:23:47","slug":"hakro-t-shirt-contrast-mikralinar-eco","status":"publish","type":"product","link":"https:\/\/shop.kustom.ch\/en\/product\/hakro-t-shirt-contrast-mikralinar-eco\/","title":{"rendered":"HAKRO T-shirt Contrast MIKRALINAR\u00ae ECO"},"content":{"rendered":"<p>Particularly hard-wearing T-shirt with contrasting black inserts on the sides, shoulders and sleeves, as well as contrasting ribbed neck and sleeve cuffs (black: contrast in carbon grey). Neck tape, leasing collar for easy labelling in commercial laundries and hanging straps in the hem. Medium-weight, particularly easy-care and functional single jersey made from MIKRALINAR\u00ae ECO, the HAKRO performance material mix of cotton and GRS-certified, recycled polyester. Regular fit.<\/p>\n<p>- Material: MIKRALINAR\u00ae ECO, single jersey made from 50 % cotton and 50 % polyester (recycled)<br \/>\n- Weight: 160 g\/m\u00b2<br \/>\n- Characteristics: pre-shrunk, easy-care, suitable for industrial laundry according to DIN EN ISO 15797<br \/>\n- Fit: Regular fit<br \/>\n- Seal: Fair Wear Leader, ClimatePartner certified product, OEKO-TEX\u00ae STANDARD 100, Global Recycled Standard (GRS), Green Button<br \/>\n- Washing temperature: 60 \u00b0C<br \/>\n- Sizes: 2XS-6XL<\/p>","protected":false},"excerpt":{"rendered":"<p>Besonders strapazierf\u00e4higes T-Shirt mit Eins\u00e4tzen in Kontrastfarbe Schwarz an den Seiten, Schultern und \u00c4rmeln, sowie kontrastfarbigen, gerippten Hals- und \u00c4rmelb\u00fcndchen (Schwarz: Kontrast in Farbe Karbongrau). Nackenband, Leasingkoller zur einfachen Kennzeichnung in der gewerblichen W\u00e4scherei und Aufh\u00e4ngeb\u00e4nder im Saum. Mittelschwerer, besonders pflegeleichter und funktioneller Single-Jersey aus MIKRALINAR\u00ae ECO, dem HAKRO Performance-Materialmix aus Baumwolle und GRS-zertifiziertem, recyceltem [&hellip;]<\/p>\n","protected":false},"featured_media":622292,"template":"","meta":[],"product_brand":[],"product_cat":[4201],"product_tag":[],"class_list":{"0":"post-622291","1":"product","2":"type-product","3":"status-publish","4":"has-post-thumbnail","6":"product_cat-t-shirts","7":"pa_brand-hakro","8":"pa_brand-type-workwear","9":"pa_filter-color-blau","10":"pa_filter-color-grau","11":"pa_filter-color-gruen","12":"pa_filter-color-rot","13":"pa_filter-color-schwarz","14":"pa_filter-color-weiss","16":"first","17":"instock","18":"sale","19":"taxable","20":"shipping-taxable","21":"purchasable","22":"product-type-variable","23":"add-to-wishlist-before_image"},"exclude_global_add_ons":[],"addons":[],"acf":[],"_links":{"self":[{"href":"https:\/\/shop.kustom.ch\/en\/wp-json\/wp\/v2\/product\/622291"}],"collection":[{"href":"https:\/\/shop.kustom.ch\/en\/wp-json\/wp\/v2\/product"}],"about":[{"href":"https:\/\/shop.kustom.ch\/en\/wp-json\/wp\/v2\/types\/product"}],"wp:featuredmedia":[{"embeddable":true,"href":"https:\/\/shop.kustom.ch\/en\/wp-json\/wp\/v2\/media\/622292"}],"wp:attachment":[{"href":"https:\/\/shop.kustom.ch\/en\/wp-json\/wp\/v2\/media?parent=622291"}],"wp:term":[{"taxonomy":"product_brand","embeddable":true,"href":"https:\/\/shop.kustom.ch\/en\/wp-json\/wp\/v2\/product_brand?post=622291"},{"taxonomy":"product_cat","embeddable":true,"href":"https:\/\/shop.kustom.ch\/en\/wp-json\/wp\/v2\/product_cat?post=622291"},{"taxonomy":"product_tag","embeddable":true,"href":"https:\/\/shop.kustom.ch\/en\/wp-json\/wp\/v2\/product_tag?post=622291"}],"curies":[{"name":"wp","href":"https:\/\/api.w.org\/{rel}","templated":true}]}}