{"id":621641,"date":"2025-03-20T04:57:19","date_gmt":"2025-03-20T03:57:19","guid":{"rendered":"https:\/\/shop.kustom.ch\/?post_type=product&#038;p=621641"},"modified":"2026-03-30T07:21:38","modified_gmt":"2026-03-30T06:21:38","slug":"hakro-poloshirt-contrast-mikralinar-eco","status":"publish","type":"product","link":"https:\/\/shop.kustom.ch\/en\/product\/hakro-poloshirt-contrast-mikralinar-eco\/","title":{"rendered":"HAKRO Contrast MIKRALINAR\u00ae ECO polo shirt"},"content":{"rendered":"<p>Particularly hard-wearing polo shirt with three-hole button placket and inserts in contrasting black on the sides, shoulders, sleeves and collar as well as contrasting ribbed cuffs (black: contrast in carbon grey). Double-locked side slits, neck tape and leasing collar for easy labelling in commercial laundries and hanging straps at the hem. Particularly easy-care and functional piqu\u00e9 made from MIKRALINAR\u00ae ECO, the HAKRO performance material mix of cotton and GRS-certified, recycled polyester. Also available as a ladies' model with a four-hole button placket. Regular fit.<\/p>\n<p>- Material: MIKRALINAR\u00ae ECO, piqu\u00e9 made from 50 % cotton and 50 % polyester (recycled)<br \/>\n- Weight: 200 g\/m\u00b2<br \/>\n- Characteristics: pre-shrunk, easy-care, suitable for industrial laundry according to DIN EN ISO 15797<br \/>\n- Fit: Regular fit<br \/>\n- Seal: Fair Wear Leader, ClimatePartner certified product, OEKO-TEX\u00ae STANDARD 100, Global Recycled Standard (GRS), Green Button<br \/>\n- Washing temperature: 60 \u00b0C<br \/>\n- Sizes: 2XS-6XL<\/p>","protected":false},"excerpt":{"rendered":"<p>Besonders strapazierf\u00e4higes Poloshirt mit Drei-Loch Knopfleiste und Eins\u00e4tzen in Kontrastfarbe Schwarz an den Seiten, Schultern, \u00c4rmeln und am Kragen sowie kontrastfarbigen, gerippten \u00c4rmelb\u00fcndchen (Schwarz: Kontrast in Farbe Karbongrau). Doppelt geriegelte Seitenschlitze, Nackenband und Leasingkoller zur einfachen Kennzeichnung in der gewerblichen W\u00e4scherei und Aufh\u00e4ngeb\u00e4nder im Saum. Besonders pflegeleichtes und funktionelles Piqu\u00e9 aus MIKRALINAR\u00ae ECO, dem HAKRO [&hellip;]<\/p>\n","protected":false},"featured_media":621704,"template":"","meta":[],"product_brand":[],"product_cat":[4193],"product_tag":[],"class_list":{"0":"post-621641","1":"product","2":"type-product","3":"status-publish","4":"has-post-thumbnail","6":"product_cat-polos","7":"pa_brand-hakro","8":"pa_brand-type-workwear","9":"pa_filter-color-blau","10":"pa_filter-color-grau","11":"pa_filter-color-gruen","12":"pa_filter-color-rot","13":"pa_filter-color-schwarz","14":"pa_filter-color-weiss","16":"first","17":"instock","18":"sale","19":"taxable","20":"shipping-taxable","21":"purchasable","22":"product-type-variable","23":"add-to-wishlist-before_image"},"exclude_global_add_ons":[],"addons":[],"acf":[],"_links":{"self":[{"href":"https:\/\/shop.kustom.ch\/en\/wp-json\/wp\/v2\/product\/621641"}],"collection":[{"href":"https:\/\/shop.kustom.ch\/en\/wp-json\/wp\/v2\/product"}],"about":[{"href":"https:\/\/shop.kustom.ch\/en\/wp-json\/wp\/v2\/types\/product"}],"wp:featuredmedia":[{"embeddable":true,"href":"https:\/\/shop.kustom.ch\/en\/wp-json\/wp\/v2\/media\/621704"}],"wp:attachment":[{"href":"https:\/\/shop.kustom.ch\/en\/wp-json\/wp\/v2\/media?parent=621641"}],"wp:term":[{"taxonomy":"product_brand","embeddable":true,"href":"https:\/\/shop.kustom.ch\/en\/wp-json\/wp\/v2\/product_brand?post=621641"},{"taxonomy":"product_cat","embeddable":true,"href":"https:\/\/shop.kustom.ch\/en\/wp-json\/wp\/v2\/product_cat?post=621641"},{"taxonomy":"product_tag","embeddable":true,"href":"https:\/\/shop.kustom.ch\/en\/wp-json\/wp\/v2\/product_tag?post=621641"}],"curies":[{"name":"wp","href":"https:\/\/api.w.org\/{rel}","templated":true}]}}