{"id":621640,"date":"2025-03-20T04:57:19","date_gmt":"2025-03-20T03:57:19","guid":{"rendered":"https:\/\/shop.kustom.ch\/?post_type=product&#038;p=621640"},"modified":"2026-03-30T07:21:24","modified_gmt":"2026-03-30T06:21:24","slug":"hakro-zip-longsleeve-pique-mikralinar-eco","status":"publish","type":"product","link":"https:\/\/shop.kustom.ch\/en\/product\/hakro-zip-longsleeve-pique-mikralinar-eco\/","title":{"rendered":"HAKRO zip longsleeve piqu\u00e9 MIKRALINAR\u00ae ECO"},"content":{"rendered":"<p>Particularly hard-wearing zip longsleeve with ergonomic seams. Waistband made of main material on hem &amp; sleeves. High-quality click-down zip from YKK\u00ae in black. Leasing collar for easy labelling in commercial laundries and hanging straps in the hem. Particularly easy-care and functional piqu\u00e9 made from MIKRALINAR\u00ae ECO, the HAKRO performance material mix of cotton and GRS-certified, recycled polyester. Also available as a ladies' model. Regular fit.<\/p>\n<p>- Material: MIKRALINAR\u00ae ECO, piqu\u00e9 made from 50 % cotton and 50 % polyester (recycled)<br \/>\n- Weight: 200 g\/m\u00b2<br \/>\n- Characteristics: pre-shrunk, easy-care, suitable for industrial laundry according to DIN EN ISO 15797<br \/>\n- Fit: Regular fit<br \/>\n- Seal: Fair Wear Leader, ClimatePartner certified product, OEKO-TEX\u00ae STANDARD 100, Supporting the Initiative Cotton made in Africa, Global Recycled Standard (GRS), Green Button<br \/>\n- Washing temperature: 60 \u00b0C<br \/>\n- Sizes: 2XS-6XL<\/p>","protected":false},"excerpt":{"rendered":"<p>Besonders strapazierf\u00e4higes Zip-Longsleeve mit ergonomischer Nahtf\u00fchrung. Bund aus Hauptmaterial an Saum &amp; \u00c4rmeln. Hochwertiger Click-down-Reissverschluss von YKK\u00ae in Schwarz. Leasingkoller zur einfachen Kennzeichnung in der gewerblichen W\u00e4scherei und Aufh\u00e4ngeb\u00e4nder im Saum. Besonders pflegeleichtes und funktionelles Piqu\u00e9 aus MIKRALINAR\u00ae ECO, dem HAKRO Performance-Materialmix aus Baumwolle und GRS-zertifiziertem, recyceltem Polyester. Verf\u00fcgbar auch als Damenmodell. Normale Passform: Regular [&hellip;]<\/p>\n","protected":false},"featured_media":621643,"template":"","meta":[],"product_brand":[],"product_cat":[4193],"product_tag":[],"class_list":{"0":"post-621640","1":"product","2":"type-product","3":"status-publish","4":"has-post-thumbnail","6":"product_cat-polos","7":"pa_brand-hakro","8":"pa_brand-type-workwear","9":"pa_filter-color-blau","10":"pa_filter-color-grau","11":"pa_filter-color-gruen","12":"pa_filter-color-schwarz","13":"pa_filter-color-weiss","15":"first","16":"instock","17":"sale","18":"taxable","19":"shipping-taxable","20":"purchasable","21":"product-type-variable","22":"add-to-wishlist-before_image"},"exclude_global_add_ons":[],"addons":[],"acf":[],"_links":{"self":[{"href":"https:\/\/shop.kustom.ch\/en\/wp-json\/wp\/v2\/product\/621640"}],"collection":[{"href":"https:\/\/shop.kustom.ch\/en\/wp-json\/wp\/v2\/product"}],"about":[{"href":"https:\/\/shop.kustom.ch\/en\/wp-json\/wp\/v2\/types\/product"}],"wp:featuredmedia":[{"embeddable":true,"href":"https:\/\/shop.kustom.ch\/en\/wp-json\/wp\/v2\/media\/621643"}],"wp:attachment":[{"href":"https:\/\/shop.kustom.ch\/en\/wp-json\/wp\/v2\/media?parent=621640"}],"wp:term":[{"taxonomy":"product_brand","embeddable":true,"href":"https:\/\/shop.kustom.ch\/en\/wp-json\/wp\/v2\/product_brand?post=621640"},{"taxonomy":"product_cat","embeddable":true,"href":"https:\/\/shop.kustom.ch\/en\/wp-json\/wp\/v2\/product_cat?post=621640"},{"taxonomy":"product_tag","embeddable":true,"href":"https:\/\/shop.kustom.ch\/en\/wp-json\/wp\/v2\/product_tag?post=621640"}],"curies":[{"name":"wp","href":"https:\/\/api.w.org\/{rel}","templated":true}]}}