{"id":619504,"date":"2025-03-20T03:27:58","date_gmt":"2025-03-20T02:27:58","guid":{"rendered":"https:\/\/shop.kustom.ch\/?post_type=product&#038;p=619504"},"modified":"2026-03-30T07:06:13","modified_gmt":"2026-03-30T06:06:13","slug":"hakro-oxford-hemd","status":"publish","type":"product","link":"https:\/\/shop.kustom.ch\/en\/product\/hakro-oxford-hemd\/","title":{"rendered":"HAKRO Oxford shirt"},"content":{"rendered":"<p>Fashionable shirt in Oxford cotton fabric with button-down collar. Tone-on-tone buttons (sky blue colour: white buttons), double shoulder yoke, pleat at the back, double topstitching at the side seams, adjustable cuffs and slightly rounded hem. Oxford fabric made from cotton. Also available as a ladies' model. Regular fit.<\/p>\n<p>- Material: Oxford (fabric) made from 100 % cotton<br \/>\n- Weight: 135 g\/m\u00b2<br \/>\n- Property: pre-shrunk<br \/>\n- Fit: Regular fit<br \/>\n- Seal: Fair Wear Leader, ClimatePartner certified product, OEKO-TEX\u00ae STANDARD 100<br \/>\n- Washing temperature: 40 \u00b0C<br \/>\n- Sizes: XS-3XL<\/p>","protected":false},"excerpt":{"rendered":"<p>Modisches Hemd in Oxford-Baumwoll-Qualit\u00e4t mit Button-down-Kragen. Kn\u00f6pfe Ton in Ton (Farbe Himmelblau: Kn\u00f6pfe in Farbe Weiss), doppelte Schulterpasse, Falte im R\u00fcckenteil, Doppelkappnaht an den Seitenn\u00e4hten, weitenverstellbare Manschetten und leicht gerundeter Saum. Oxford-Gewebe aus Baumwolle. Verf\u00fcgbar auch als Damenmodell. Normale Passform: Regular Fit. \u2022 Material: Oxford (Gewebe) aus 100 % Baumwolle \u2022 Gewicht: 135 g\/m\u00b2 \u2022 [&hellip;]<\/p>\n","protected":false},"featured_media":619534,"template":"","meta":[],"product_brand":[],"product_cat":[9874],"product_tag":[],"class_list":{"0":"post-619504","1":"product","2":"type-product","3":"status-publish","4":"has-post-thumbnail","6":"product_cat-hemden","7":"pa_brand-hakro","8":"pa_brand-type-workwear","9":"pa_filter-color-blau","10":"pa_filter-color-weiss","12":"first","13":"instock","14":"sale","15":"taxable","16":"shipping-taxable","17":"purchasable","18":"product-type-variable","19":"add-to-wishlist-before_image"},"exclude_global_add_ons":[],"addons":[],"acf":[],"_links":{"self":[{"href":"https:\/\/shop.kustom.ch\/en\/wp-json\/wp\/v2\/product\/619504"}],"collection":[{"href":"https:\/\/shop.kustom.ch\/en\/wp-json\/wp\/v2\/product"}],"about":[{"href":"https:\/\/shop.kustom.ch\/en\/wp-json\/wp\/v2\/types\/product"}],"wp:featuredmedia":[{"embeddable":true,"href":"https:\/\/shop.kustom.ch\/en\/wp-json\/wp\/v2\/media\/619534"}],"wp:attachment":[{"href":"https:\/\/shop.kustom.ch\/en\/wp-json\/wp\/v2\/media?parent=619504"}],"wp:term":[{"taxonomy":"product_brand","embeddable":true,"href":"https:\/\/shop.kustom.ch\/en\/wp-json\/wp\/v2\/product_brand?post=619504"},{"taxonomy":"product_cat","embeddable":true,"href":"https:\/\/shop.kustom.ch\/en\/wp-json\/wp\/v2\/product_cat?post=619504"},{"taxonomy":"product_tag","embeddable":true,"href":"https:\/\/shop.kustom.ch\/en\/wp-json\/wp\/v2\/product_tag?post=619504"}],"curies":[{"name":"wp","href":"https:\/\/api.w.org\/{rel}","templated":true}]}}