{"id":618922,"date":"2025-03-12T02:57:04","date_gmt":"2025-03-12T01:57:04","guid":{"rendered":"https:\/\/shop.kustom.ch\/?post_type=product&#038;p=618922"},"modified":"2026-03-31T12:56:07","modified_gmt":"2026-03-31T11:56:07","slug":"performance-beanie-2","status":"publish","type":"product","link":"https:\/\/shop.kustom.ch\/en\/product\/performance-beanie-2\/","title":{"rendered":"Performance beanie"},"content":{"rendered":"<p>Highly functional training cap for colder days.<br \/>\nElastic functional material; Tight fit; Customisable printing<br \/>\n80% polyester, 20% elastane<\/p>","protected":false},"excerpt":{"rendered":"<p>Hochfunktionelle Trainingsm\u00fctze f\u00fcr k\u00e4ltere Tage. Elastisches Funktionsmaterial; Enganliegende Passform; Individuell bedruckbar 80% Polyester, 20% Elasthan<\/p>","protected":false},"featured_media":618929,"template":"","meta":[],"product_brand":[],"product_cat":[4177,4209],"product_tag":[],"class_list":{"0":"post-618922","1":"product","2":"type-product","3":"status-publish","4":"has-post-thumbnail","6":"product_cat-caps-muetzen","7":"product_cat-zubehoer","8":"pa_brand-erima","9":"pa_brand-type-sportswear","10":"pa_filter-color-schwarz","12":"first","13":"outofstock","14":"sale","15":"taxable","16":"shipping-taxable","17":"product-type-variable","18":"add-to-wishlist-before_image"},"exclude_global_add_ons":[],"addons":[],"acf":[],"_links":{"self":[{"href":"https:\/\/shop.kustom.ch\/en\/wp-json\/wp\/v2\/product\/618922"}],"collection":[{"href":"https:\/\/shop.kustom.ch\/en\/wp-json\/wp\/v2\/product"}],"about":[{"href":"https:\/\/shop.kustom.ch\/en\/wp-json\/wp\/v2\/types\/product"}],"wp:featuredmedia":[{"embeddable":true,"href":"https:\/\/shop.kustom.ch\/en\/wp-json\/wp\/v2\/media\/618929"}],"wp:attachment":[{"href":"https:\/\/shop.kustom.ch\/en\/wp-json\/wp\/v2\/media?parent=618922"}],"wp:term":[{"taxonomy":"product_brand","embeddable":true,"href":"https:\/\/shop.kustom.ch\/en\/wp-json\/wp\/v2\/product_brand?post=618922"},{"taxonomy":"product_cat","embeddable":true,"href":"https:\/\/shop.kustom.ch\/en\/wp-json\/wp\/v2\/product_cat?post=618922"},{"taxonomy":"product_tag","embeddable":true,"href":"https:\/\/shop.kustom.ch\/en\/wp-json\/wp\/v2\/product_tag?post=618922"}],"curies":[{"name":"wp","href":"https:\/\/api.w.org\/{rel}","templated":true}]}}