{"id":618645,"date":"2025-03-12T02:52:16","date_gmt":"2025-03-12T01:52:16","guid":{"rendered":"https:\/\/shop.kustom.ch\/?post_type=product&#038;p=618645"},"modified":"2026-03-31T12:50:00","modified_gmt":"2026-03-31T11:50:00","slug":"travel-line-cosmetic-bag","status":"publish","type":"product","link":"https:\/\/shop.kustom.ch\/en\/product\/travel-line-cosmetic-bag\/","title":{"rendered":"TRAVEL LINE Cosmetic Bag"},"content":{"rendered":"<p>Everything with you! Practical toiletry bag for training and travelling.<br \/>\nHigh-quality ripstop material prevents the bag from tearing; Elegant all-black design for a stylish appearance on any trip; Spacious main compartment; Separate mesh inner compartments; Two side pockets with zip; Zip pocket on the back; Practical loop for hanging; Dimensions (L x W x H) approx. 25x30x10 cm; Volume approx. 5 litres<br \/>\n100% 600D Polyester<\/p>","protected":false},"excerpt":{"rendered":"<p>Alles mit dabei! Praktische Kulturtasche f\u00fcrs Training und Reisen. Hochwertiges Ripstop-Material verhindert Aufreissen der Tasche; Edles All-Black Design f\u00fcr den stilvollen Auftritt auf jeder Reise; Ger\u00e4umiges Hauptfach; Separate Mesh-Innenf\u00e4cher; Zwei Seitentaschen mit Reissverschluss; Reissverschlussfach auf der R\u00fcckseite; Praktische Schlaufe zum Aufh\u00e4ngen; Masse (L x B x H) ca. 25x30x10 cm; Volumen ca. 5 Liter 100% [&hellip;]<\/p>\n","protected":false},"featured_media":618667,"template":"","meta":[],"product_brand":[],"product_cat":[4195,4209],"product_tag":[],"class_list":{"0":"post-618645","1":"product","2":"type-product","3":"status-publish","4":"has-post-thumbnail","6":"product_cat-rucksaecke-taschen","7":"product_cat-zubehoer","8":"pa_brand-erima","9":"pa_brand-type-sportswear","10":"pa_filter-color-schwarz","12":"first","13":"instock","14":"sale","15":"taxable","16":"shipping-taxable","17":"purchasable","18":"product-type-variable","19":"add-to-wishlist-before_image"},"exclude_global_add_ons":[],"addons":[],"acf":[],"_links":{"self":[{"href":"https:\/\/shop.kustom.ch\/en\/wp-json\/wp\/v2\/product\/618645"}],"collection":[{"href":"https:\/\/shop.kustom.ch\/en\/wp-json\/wp\/v2\/product"}],"about":[{"href":"https:\/\/shop.kustom.ch\/en\/wp-json\/wp\/v2\/types\/product"}],"wp:featuredmedia":[{"embeddable":true,"href":"https:\/\/shop.kustom.ch\/en\/wp-json\/wp\/v2\/media\/618667"}],"wp:attachment":[{"href":"https:\/\/shop.kustom.ch\/en\/wp-json\/wp\/v2\/media?parent=618645"}],"wp:term":[{"taxonomy":"product_brand","embeddable":true,"href":"https:\/\/shop.kustom.ch\/en\/wp-json\/wp\/v2\/product_brand?post=618645"},{"taxonomy":"product_cat","embeddable":true,"href":"https:\/\/shop.kustom.ch\/en\/wp-json\/wp\/v2\/product_cat?post=618645"},{"taxonomy":"product_tag","embeddable":true,"href":"https:\/\/shop.kustom.ch\/en\/wp-json\/wp\/v2\/product_tag?post=618645"}],"curies":[{"name":"wp","href":"https:\/\/api.w.org\/{rel}","templated":true}]}}