{"id":618643,"date":"2025-03-12T02:52:15","date_gmt":"2025-03-12T01:52:15","guid":{"rendered":"https:\/\/shop.kustom.ch\/?post_type=product&#038;p=618643"},"modified":"2026-03-31T12:49:58","modified_gmt":"2026-03-31T11:49:58","slug":"travel-line-trolleybag","status":"publish","type":"product","link":"https:\/\/shop.kustom.ch\/en\/product\/travel-line-trolleybag\/","title":{"rendered":"TRAVEL LINE trolley bag"},"content":{"rendered":"<p>Practical, high-quality roller bag for sports and travelling.<br \/>\nHigh-quality ripstop material prevents the bag from tearing open; Elegant all-black design for a stylish appearance when travelling and doing sports; Base made of extremely durable 1680D polyester; Spacious main compartment and front pocket with zip; Side pocket with wet compartment and ventilation holes; Integrated mesh inner pocket for valuables; Durable wheels with stable ball bearings; Retractable trolley handle; S: Dimensions (L x W x H) approx. 55x30x30 cm; M: Dimensions (L x W x H) approx. 65x35x35 cm; S: Volume approx. 50 litres; M: Volume approx. 80 litres<br \/>\n100% Polyester<\/p>","protected":false},"excerpt":{"rendered":"<p>Praktische, hochwertige Rollentasche f\u00fcr den Sport und auf Reisen. Hochwertiges Ripstop-Material verhindert Aufreissen der Tasche; Edles All-Black Design f\u00fcr den stilvollen Auftritt auf Reisen und beim Sport; Boden aus extrem widerstandsf\u00e4higem 1680D Polyester; Ger\u00e4umiges Hauptfach und Fronttasche mit Reissverschluss; Seitentasche mit Nassfach und Ventilationsl\u00f6chern; Integrierte Mesh-Innentasche f\u00fcr Wertgegenst\u00e4nde; Langlebige Rollen mit stabilem Kugellager; Versenkbarer Trolleygriff; [&hellip;]<\/p>\n","protected":false},"featured_media":618660,"template":"","meta":[],"product_brand":[],"product_cat":[4195,4209],"product_tag":[],"class_list":{"0":"post-618643","1":"product","2":"type-product","3":"status-publish","4":"has-post-thumbnail","6":"product_cat-rucksaecke-taschen","7":"product_cat-zubehoer","8":"pa_brand-erima","9":"pa_brand-type-sportswear","10":"pa_filter-color-schwarz","12":"first","13":"instock","14":"sale","15":"taxable","16":"shipping-taxable","17":"purchasable","18":"product-type-variable","19":"add-to-wishlist-before_image"},"exclude_global_add_ons":[],"addons":[],"acf":[],"_links":{"self":[{"href":"https:\/\/shop.kustom.ch\/en\/wp-json\/wp\/v2\/product\/618643"}],"collection":[{"href":"https:\/\/shop.kustom.ch\/en\/wp-json\/wp\/v2\/product"}],"about":[{"href":"https:\/\/shop.kustom.ch\/en\/wp-json\/wp\/v2\/types\/product"}],"wp:featuredmedia":[{"embeddable":true,"href":"https:\/\/shop.kustom.ch\/en\/wp-json\/wp\/v2\/media\/618660"}],"wp:attachment":[{"href":"https:\/\/shop.kustom.ch\/en\/wp-json\/wp\/v2\/media?parent=618643"}],"wp:term":[{"taxonomy":"product_brand","embeddable":true,"href":"https:\/\/shop.kustom.ch\/en\/wp-json\/wp\/v2\/product_brand?post=618643"},{"taxonomy":"product_cat","embeddable":true,"href":"https:\/\/shop.kustom.ch\/en\/wp-json\/wp\/v2\/product_cat?post=618643"},{"taxonomy":"product_tag","embeddable":true,"href":"https:\/\/shop.kustom.ch\/en\/wp-json\/wp\/v2\/product_tag?post=618643"}],"curies":[{"name":"wp","href":"https:\/\/api.w.org\/{rel}","templated":true}]}}