{"id":618642,"date":"2025-03-12T02:52:15","date_gmt":"2025-03-12T01:52:15","guid":{"rendered":"https:\/\/shop.kustom.ch\/?post_type=product&#038;p=618642"},"modified":"2026-03-31T12:49:35","modified_gmt":"2026-03-31T11:49:35","slug":"travel-line-folding-bag","status":"publish","type":"product","link":"https:\/\/shop.kustom.ch\/en\/product\/travel-line-folding-bag\/","title":{"rendered":"TRAVEL LINE Folding Bag"},"content":{"rendered":"<p>Our foldable sports bag - stylish, compact and ready for any adventure!<br \/>\n2 in 1: Practically foldable - for better storage; High-quality ripstop material prevents the bag from tearing open; Elegant all-black design for a stylish appearance when travelling and doing sports; Spacious main compartment with integrated wet or shoe compartment; Flexible side pocket; Mesh outer pocket for lightning-fast access to the most important items; Dimensions (L x W x H) approx. 50.5 x 30 x 28.5 cm; Volume approx. 44 litres<br \/>\n100% Polyester<\/p>","protected":false},"excerpt":{"rendered":"<p>Unsere faltbare Sporttasche \u2013 stilvoll, kompakt und bereit f\u00fcr jedes Abenteuer! 2 in 1: Praktisch zusammenfaltbar\u2013 f\u00fcr eine bessere Aufbewahrung; Hochwertiges Ripstop-Material verhindert Aufreissen der Tasche; Edles All-Black Design f\u00fcr den stilvollen Auftritt auf Reisen und beim Sport; Ger\u00e4umiges Hauptfach mit integriertem Nass- bzw. Schuhfach; Flexibel nutzbare Seitentasche; Mesh-Aussentasche f\u00fcr blitzschnellen Zugriff auf die wichtigsten [&hellip;]<\/p>\n","protected":false},"featured_media":618656,"template":"","meta":[],"product_brand":[],"product_cat":[4195,4209],"product_tag":[],"class_list":{"0":"post-618642","1":"product","2":"type-product","3":"status-publish","4":"has-post-thumbnail","6":"product_cat-rucksaecke-taschen","7":"product_cat-zubehoer","8":"pa_brand-erima","9":"pa_brand-type-sportswear","10":"pa_filter-color-schwarz","12":"first","13":"instock","14":"sale","15":"taxable","16":"shipping-taxable","17":"purchasable","18":"product-type-variable","19":"add-to-wishlist-before_image"},"exclude_global_add_ons":[],"addons":[],"acf":[],"_links":{"self":[{"href":"https:\/\/shop.kustom.ch\/en\/wp-json\/wp\/v2\/product\/618642"}],"collection":[{"href":"https:\/\/shop.kustom.ch\/en\/wp-json\/wp\/v2\/product"}],"about":[{"href":"https:\/\/shop.kustom.ch\/en\/wp-json\/wp\/v2\/types\/product"}],"wp:featuredmedia":[{"embeddable":true,"href":"https:\/\/shop.kustom.ch\/en\/wp-json\/wp\/v2\/media\/618656"}],"wp:attachment":[{"href":"https:\/\/shop.kustom.ch\/en\/wp-json\/wp\/v2\/media?parent=618642"}],"wp:term":[{"taxonomy":"product_brand","embeddable":true,"href":"https:\/\/shop.kustom.ch\/en\/wp-json\/wp\/v2\/product_brand?post=618642"},{"taxonomy":"product_cat","embeddable":true,"href":"https:\/\/shop.kustom.ch\/en\/wp-json\/wp\/v2\/product_cat?post=618642"},{"taxonomy":"product_tag","embeddable":true,"href":"https:\/\/shop.kustom.ch\/en\/wp-json\/wp\/v2\/product_tag?post=618642"}],"curies":[{"name":"wp","href":"https:\/\/api.w.org\/{rel}","templated":true}]}}