{"id":618641,"date":"2025-03-12T02:52:15","date_gmt":"2025-03-12T01:52:15","guid":{"rendered":"https:\/\/shop.kustom.ch\/?post_type=product&#038;p=618641"},"modified":"2026-03-31T12:49:34","modified_gmt":"2026-03-31T11:49:34","slug":"travel-line-laptop-backpack","status":"publish","type":"product","link":"https:\/\/shop.kustom.ch\/en\/product\/travel-line-laptop-backpack\/","title":{"rendered":"TRAVEL LINE Laptop Backpack"},"content":{"rendered":"<p>Super practical: the spacious combination of sports and business rucksack offers plenty of storage space for all important items.<br \/>\nHigh-quality ripstop material prevents the backpack from tearing open; Elegant all-black design for a stylish appearance on any trip; Spacious, double-padded main compartment with two-way zip, ideal for laptops and documents; Additional main compartment for documents or clothes; 3 organiser compartments with key clip for small items; Two side mesh pockets, ideal for water bottles; Robust, water-repellent material on the bottom, easy to wipe clean; Comfortably padded back and shoulder straps; Discreet zip pocket on the back, perfect for valuables; Integrated rain cover for bad weather; Dimensions (L x W x H) approx. 55x30x15 cm; Volume approx. 25 litres<br \/>\n100% Polyester<\/p>","protected":false},"excerpt":{"rendered":"<p>Super praktisch: Die ger\u00e4umige Kombination aus Sport- und Businessrucksack bietet ausreichend Stauraum f\u00fcr alle wichtigen Utensilien. Hochwertiges Ripstop-Material verhindert Aufreissen des Rucksacks; Edles All-Black Design f\u00fcr den stilvollen Auftritt auf jeder Reise; Ger\u00e4umiges, doppelt gepolstertes Hauptfach mit Zwei Wege Reissverschluss, ideal f\u00fcr Laptops und Dokumente; Zus\u00e4tzliches Hauptfach f\u00fcr Unterlagen oder Klamotten; 3 Organizerf\u00e4cher mit Schl\u00fcsselclip, [&hellip;]<\/p>\n","protected":false},"featured_media":618652,"template":"","meta":[],"product_brand":[],"product_cat":[4195,4209],"product_tag":[],"class_list":{"0":"post-618641","1":"product","2":"type-product","3":"status-publish","4":"has-post-thumbnail","6":"product_cat-rucksaecke-taschen","7":"product_cat-zubehoer","8":"pa_brand-erima","9":"pa_brand-type-sportswear","10":"pa_filter-color-schwarz","12":"first","13":"instock","14":"sale","15":"taxable","16":"shipping-taxable","17":"purchasable","18":"product-type-variable","19":"add-to-wishlist-before_image"},"exclude_global_add_ons":[],"addons":[],"acf":[],"_links":{"self":[{"href":"https:\/\/shop.kustom.ch\/en\/wp-json\/wp\/v2\/product\/618641"}],"collection":[{"href":"https:\/\/shop.kustom.ch\/en\/wp-json\/wp\/v2\/product"}],"about":[{"href":"https:\/\/shop.kustom.ch\/en\/wp-json\/wp\/v2\/types\/product"}],"wp:featuredmedia":[{"embeddable":true,"href":"https:\/\/shop.kustom.ch\/en\/wp-json\/wp\/v2\/media\/618652"}],"wp:attachment":[{"href":"https:\/\/shop.kustom.ch\/en\/wp-json\/wp\/v2\/media?parent=618641"}],"wp:term":[{"taxonomy":"product_brand","embeddable":true,"href":"https:\/\/shop.kustom.ch\/en\/wp-json\/wp\/v2\/product_brand?post=618641"},{"taxonomy":"product_cat","embeddable":true,"href":"https:\/\/shop.kustom.ch\/en\/wp-json\/wp\/v2\/product_cat?post=618641"},{"taxonomy":"product_tag","embeddable":true,"href":"https:\/\/shop.kustom.ch\/en\/wp-json\/wp\/v2\/product_tag?post=618641"}],"curies":[{"name":"wp","href":"https:\/\/api.w.org\/{rel}","templated":true}]}}