{"id":618527,"date":"2025-03-12T02:49:57","date_gmt":"2025-03-12T01:49:57","guid":{"rendered":"https:\/\/shop.kustom.ch\/?post_type=product&#038;p=618527"},"modified":"2025-05-06T11:00:29","modified_gmt":"2025-05-06T10:00:29","slug":"flex-guard-ergono","status":"publish","type":"product","link":"https:\/\/shop.kustom.ch\/en\/product\/flex-guard-ergono\/","title":{"rendered":"Flex Guard Ergono"},"content":{"rendered":"<p>The classic - developed for all situations where things get a little rougher.<br \/>\nFlexible fit; Fixed ankle protection; Classic bar construction; Easily washable; Customisable fastening with anatomically attached Velcro fasteners<br \/>\nSize: Size XXS, XS, S, M, L<\/p>","protected":false},"excerpt":{"rendered":"<p>Der Klassiker \u2013 entwickelt f\u00fcr alle Situationen, in denen es etwas ruppiger zugeht. Flexible Passform; Fixierter Kn\u00f6chelschutz; Klassische St\u00e4bchen-Konstruktion; Leicht abwaschbar; Verschluss individuell anpassbar durch anatomisch angebrachte Klettverschl\u00fcsse Gr\u00f6sse: Gr. XXS, XS, S, M, L<\/p>","protected":false},"featured_media":618561,"template":"","meta":[],"product_brand":[],"product_cat":[4196],"product_tag":[],"class_list":{"0":"post-618527","1":"product","2":"type-product","3":"status-publish","4":"has-post-thumbnail","6":"product_cat-schienbeinschoner","7":"pa_brand-erima","8":"pa_brand-type-sportswear","9":"pa_filter-color-blau","10":"pa_filter-color-schwarz","12":"first","13":"instock","14":"sale","15":"taxable","16":"shipping-taxable","17":"purchasable","18":"product-type-variable","19":"add-to-wishlist-before_image"},"exclude_global_add_ons":[],"addons":[],"acf":[],"_links":{"self":[{"href":"https:\/\/shop.kustom.ch\/en\/wp-json\/wp\/v2\/product\/618527"}],"collection":[{"href":"https:\/\/shop.kustom.ch\/en\/wp-json\/wp\/v2\/product"}],"about":[{"href":"https:\/\/shop.kustom.ch\/en\/wp-json\/wp\/v2\/types\/product"}],"wp:featuredmedia":[{"embeddable":true,"href":"https:\/\/shop.kustom.ch\/en\/wp-json\/wp\/v2\/media\/618561"}],"wp:attachment":[{"href":"https:\/\/shop.kustom.ch\/en\/wp-json\/wp\/v2\/media?parent=618527"}],"wp:term":[{"taxonomy":"product_brand","embeddable":true,"href":"https:\/\/shop.kustom.ch\/en\/wp-json\/wp\/v2\/product_brand?post=618527"},{"taxonomy":"product_cat","embeddable":true,"href":"https:\/\/shop.kustom.ch\/en\/wp-json\/wp\/v2\/product_cat?post=618527"},{"taxonomy":"product_tag","embeddable":true,"href":"https:\/\/shop.kustom.ch\/en\/wp-json\/wp\/v2\/product_tag?post=618527"}],"curies":[{"name":"wp","href":"https:\/\/api.w.org\/{rel}","templated":true}]}}