{"id":618524,"date":"2025-03-12T02:49:57","date_gmt":"2025-03-12T01:49:57","guid":{"rendered":"https:\/\/shop.kustom.ch\/?post_type=product&#038;p=618524"},"modified":"2026-03-31T12:48:40","modified_gmt":"2026-03-31T11:48:40","slug":"evo-flex-superlite","status":"publish","type":"product","link":"https:\/\/shop.kustom.ch\/en\/product\/evo-flex-superlite\/","title":{"rendered":"Evo Flex Superlite"},"content":{"rendered":"<p>The name says it all! Super lightweight, extremely flexible shin guards with maximum shock absorption for the best playing feel. Barely noticeable and yet perfectly protected. You'll love it!<br \/>\nHardly noticeable; Extremely light; Maximum flexibility; High ventilation thanks to ventilation holes; No irritating seams; Self-regenerating; 100 % made of ERIMA HASG material; Machine washable; Easy to fix with tube socks<br \/>\n100% HASG<br \/>\nSize: Size XS, S, M<\/p>","protected":false},"excerpt":{"rendered":"<p>Der Name ist Programm! Super leichter, extrem flexibler Schienbeinschoner mit maximaler Stossd\u00e4mpfung f\u00fcr bestes Spielgef\u00fchl. Kaum sp\u00fcrbar und trotzdem perfekt gesch\u00fctzt. Du wirst ihn lieben! Kaum sp\u00fcrbar; Extrem leicht; Maximale Flexibilit\u00e4t; Hohe Ventilation durch L\u00fcftungsl\u00f6cher; Keine st\u00f6renden N\u00e4hte; Selbst regenerierend; 100 % aus ERIMA HASG Material; Waschmaschinengeeignet; Einfach fixierbar durch Tube Socks 100% HASG Gr\u00f6sse: [&hellip;]<\/p>\n","protected":false},"featured_media":618545,"template":"","meta":[],"product_brand":[],"product_cat":[4196],"product_tag":[],"class_list":{"0":"post-618524","1":"product","2":"type-product","3":"status-publish","4":"has-post-thumbnail","6":"product_cat-schienbeinschoner","7":"pa_brand-erima","8":"pa_brand-type-sportswear","9":"pa_filter-color-grau","10":"pa_filter-color-schwarz","12":"first","13":"instock","14":"sale","15":"taxable","16":"shipping-taxable","17":"purchasable","18":"product-type-variable","19":"add-to-wishlist-before_image"},"exclude_global_add_ons":[],"addons":[],"acf":[],"_links":{"self":[{"href":"https:\/\/shop.kustom.ch\/en\/wp-json\/wp\/v2\/product\/618524"}],"collection":[{"href":"https:\/\/shop.kustom.ch\/en\/wp-json\/wp\/v2\/product"}],"about":[{"href":"https:\/\/shop.kustom.ch\/en\/wp-json\/wp\/v2\/types\/product"}],"wp:featuredmedia":[{"embeddable":true,"href":"https:\/\/shop.kustom.ch\/en\/wp-json\/wp\/v2\/media\/618545"}],"wp:attachment":[{"href":"https:\/\/shop.kustom.ch\/en\/wp-json\/wp\/v2\/media?parent=618524"}],"wp:term":[{"taxonomy":"product_brand","embeddable":true,"href":"https:\/\/shop.kustom.ch\/en\/wp-json\/wp\/v2\/product_brand?post=618524"},{"taxonomy":"product_cat","embeddable":true,"href":"https:\/\/shop.kustom.ch\/en\/wp-json\/wp\/v2\/product_cat?post=618524"},{"taxonomy":"product_tag","embeddable":true,"href":"https:\/\/shop.kustom.ch\/en\/wp-json\/wp\/v2\/product_tag?post=618524"}],"curies":[{"name":"wp","href":"https:\/\/api.w.org\/{rel}","templated":true}]}}