{"id":618497,"date":"2025-03-12T02:49:27","date_gmt":"2025-03-12T01:49:27","guid":{"rendered":"https:\/\/shop.kustom.ch\/?post_type=product&#038;p=618497"},"modified":"2026-03-31T12:48:06","modified_gmt":"2026-03-31T11:48:06","slug":"magic-white-pro","status":"publish","type":"product","link":"https:\/\/shop.kustom.ch\/en\/product\/magic-white-pro\/","title":{"rendered":"Magic White Pro"},"content":{"rendered":"<p>Outstanding grip - without any resin.<br \/>\nThe match version of the Magic White; Triple Shock System ensures an extremely soft feel and outstanding rebound even at low air pressure; Even stronger 1.5 mm PU upper material for outstanding grip - without any resin; Regenerable grip: Simply wash off under running water - the ball is quickly clean again and the grip is as good as new; Unbeatable playing and grip characteristics even with trick throws; Reduced size and weight for better handling, in accordance with IHF specifications for resin-free balls; Hardly noticeable seams thanks to hydro stitching; Natural latex bladder; Not suitable for use with resin<\/p>","protected":false},"excerpt":{"rendered":"<p>\u00dcberragender Grip \u2013 ganz ohne Harz. Die Matchversion des Magic White; Triple Shock System sorgt f\u00fcr extrem weiches Spielgef\u00fchl und herausragenden Rebound auch bei geringem Luftdruck; Noch st\u00e4rkeres 1,5 mm PU-Obermaterial f\u00fcr \u00fcberragenden Grip \u2013 ganz ohne Harz; Regenerierbarer Grip: Einfach unter fliessendem Wasser abwaschen \u2013 Der Ball ist schnell wieder sauber und der Grip [&hellip;]<\/p>\n","protected":false},"featured_media":618509,"template":"","meta":[],"product_brand":[],"product_cat":[4175,4209],"product_tag":[],"class_list":{"0":"post-618497","1":"product","2":"type-product","3":"status-publish","4":"has-post-thumbnail","6":"product_cat-baelle","7":"product_cat-zubehoer","8":"pa_brand-erima","9":"pa_brand-type-sportswear","10":"pa_filter-color-rot","11":"pa_filter-color-weiss","13":"first","14":"outofstock","15":"sale","16":"taxable","17":"shipping-taxable","18":"purchasable","19":"product-type-variable","20":"add-to-wishlist-before_image"},"exclude_global_add_ons":[],"addons":[],"acf":[],"_links":{"self":[{"href":"https:\/\/shop.kustom.ch\/en\/wp-json\/wp\/v2\/product\/618497"}],"collection":[{"href":"https:\/\/shop.kustom.ch\/en\/wp-json\/wp\/v2\/product"}],"about":[{"href":"https:\/\/shop.kustom.ch\/en\/wp-json\/wp\/v2\/types\/product"}],"wp:featuredmedia":[{"embeddable":true,"href":"https:\/\/shop.kustom.ch\/en\/wp-json\/wp\/v2\/media\/618509"}],"wp:attachment":[{"href":"https:\/\/shop.kustom.ch\/en\/wp-json\/wp\/v2\/media?parent=618497"}],"wp:term":[{"taxonomy":"product_brand","embeddable":true,"href":"https:\/\/shop.kustom.ch\/en\/wp-json\/wp\/v2\/product_brand?post=618497"},{"taxonomy":"product_cat","embeddable":true,"href":"https:\/\/shop.kustom.ch\/en\/wp-json\/wp\/v2\/product_cat?post=618497"},{"taxonomy":"product_tag","embeddable":true,"href":"https:\/\/shop.kustom.ch\/en\/wp-json\/wp\/v2\/product_tag?post=618497"}],"curies":[{"name":"wp","href":"https:\/\/api.w.org\/{rel}","templated":true}]}}