{"id":618480,"date":"2025-03-12T02:48:54","date_gmt":"2025-03-12T01:48:54","guid":{"rendered":"https:\/\/shop.kustom.ch\/?post_type=product&#038;p=618480"},"modified":"2026-03-31T12:48:03","modified_gmt":"2026-03-31T11:48:03","slug":"erima-flash-training","status":"publish","type":"product","link":"https:\/\/shop.kustom.ch\/en\/product\/erima-flash-training\/","title":{"rendered":"ERIMA FLASH Training"},"content":{"rendered":"<p>Experience the perfect grip with our training handball - for precise throws and maximum control on the pitch!<br \/>\nDurable training version of the new ERIMA match ball; Durable PU upper material for good grip and soft feel; Specially developed backing foam for exceptional soft touch; Latex bladder for optimum bounce; ERIMA sizes for optimum control of the ball in every age group; Two colours - something for everyone; Suitable for playing with resin<\/p>","protected":false},"excerpt":{"rendered":"<p>Erlebe den perfekten Grip mit unserem Trainingshandball \u2013 f\u00fcr pr\u00e4zise W\u00fcrfe und maximale Kontrolle auf dem Spielfeld! Strapazierf\u00e4hige Trainingsvariante des neuen ERIMA Matchballes; Langlebiges PU-Obermaterial f\u00fcr guten Grip und weiches Spielgef\u00fchl; Speziell entwickelter Backingschaum f\u00fcr aussergew\u00f6hnlichen Soft Touch; Latexblase f\u00fcr optimalen R\u00fccksprung; ERIMA Gr\u00f6ssen f\u00fcr optimale Kontrolle des Balles in jeder Altersklasse; Zwei Farben &#8211; [&hellip;]<\/p>\n","protected":false},"featured_media":618496,"template":"","meta":[],"product_brand":[],"product_cat":[4175,4209],"product_tag":[],"class_list":{"0":"post-618480","1":"product","2":"type-product","3":"status-publish","4":"has-post-thumbnail","6":"product_cat-baelle","7":"product_cat-zubehoer","8":"pa_filter-color-pink","9":"pa_filter-color-weiss","11":"first","12":"instock","13":"taxable","14":"shipping-taxable","15":"purchasable","16":"product-type-variable","17":"add-to-wishlist-before_image"},"exclude_global_add_ons":[],"addons":[],"acf":[],"_links":{"self":[{"href":"https:\/\/shop.kustom.ch\/en\/wp-json\/wp\/v2\/product\/618480"}],"collection":[{"href":"https:\/\/shop.kustom.ch\/en\/wp-json\/wp\/v2\/product"}],"about":[{"href":"https:\/\/shop.kustom.ch\/en\/wp-json\/wp\/v2\/types\/product"}],"wp:featuredmedia":[{"embeddable":true,"href":"https:\/\/shop.kustom.ch\/en\/wp-json\/wp\/v2\/media\/618496"}],"wp:attachment":[{"href":"https:\/\/shop.kustom.ch\/en\/wp-json\/wp\/v2\/media?parent=618480"}],"wp:term":[{"taxonomy":"product_brand","embeddable":true,"href":"https:\/\/shop.kustom.ch\/en\/wp-json\/wp\/v2\/product_brand?post=618480"},{"taxonomy":"product_cat","embeddable":true,"href":"https:\/\/shop.kustom.ch\/en\/wp-json\/wp\/v2\/product_cat?post=618480"},{"taxonomy":"product_tag","embeddable":true,"href":"https:\/\/shop.kustom.ch\/en\/wp-json\/wp\/v2\/product_tag?post=618480"}],"curies":[{"name":"wp","href":"https:\/\/api.w.org\/{rel}","templated":true}]}}