{"id":618478,"date":"2025-03-12T02:48:54","date_gmt":"2025-03-12T01:48:54","guid":{"rendered":"https:\/\/shop.kustom.ch\/?post_type=product&#038;p=618478"},"modified":"2026-03-31T12:48:00","modified_gmt":"2026-03-31T11:48:00","slug":"erima-flash-pro","status":"publish","type":"product","link":"https:\/\/shop.kustom.ch\/en\/product\/erima-flash-pro\/","title":{"rendered":"ERIMA FLASH Pro"},"content":{"rendered":"<p>Our eco handball, produced from sustainable materials, combines top performance with responsible behaviour.<br \/>\nThe professional training ball with a clear conscience; Made from recycled and sustainable materials; 1.5 mm PU upper material with recycled polyester backing; Durable, long-lasting training ball; Latex bladder for optimum bounce; ERIMA sizes for optimum ball control in every age group; Suitable for playing with resin<\/p>","protected":false},"excerpt":{"rendered":"<p>Unser Eco-Handball, produziert aus nachhaltigen Materialien, vereint Spitzenleistung mit verantwortungsbewusstem Handeln. Der Profi-Trainingsball mit dem guten Gewissen; Hergestellt aus recycelten und nachhaltigen Materialien; 1,5 mm PU-Obermaterial mit Backing aus recyceltem Polyester; Strapazierf\u00e4higer, lang haltbarer Trainingsball; Latexblase f\u00fcr optimalen R\u00fccksprung; ERIMA Gr\u00f6ssen f\u00fcr optimale Kontrolle des Balles in jeder Altersklasse; Geeignet f\u00fcr das Spielen mit Harz<\/p>","protected":false},"featured_media":618488,"template":"","meta":[],"product_brand":[],"product_cat":[4175,4209],"product_tag":[],"class_list":{"0":"post-618478","1":"product","2":"type-product","3":"status-publish","4":"has-post-thumbnail","6":"product_cat-baelle","7":"product_cat-zubehoer","8":"pa_brand-erima","9":"pa_brand-type-sportswear","10":"pa_filter-color-blau","12":"first","13":"instock","14":"sale","15":"taxable","16":"shipping-taxable","17":"purchasable","18":"product-type-variable","19":"add-to-wishlist-before_image"},"exclude_global_add_ons":[],"addons":[],"acf":[],"_links":{"self":[{"href":"https:\/\/shop.kustom.ch\/en\/wp-json\/wp\/v2\/product\/618478"}],"collection":[{"href":"https:\/\/shop.kustom.ch\/en\/wp-json\/wp\/v2\/product"}],"about":[{"href":"https:\/\/shop.kustom.ch\/en\/wp-json\/wp\/v2\/types\/product"}],"wp:featuredmedia":[{"embeddable":true,"href":"https:\/\/shop.kustom.ch\/en\/wp-json\/wp\/v2\/media\/618488"}],"wp:attachment":[{"href":"https:\/\/shop.kustom.ch\/en\/wp-json\/wp\/v2\/media?parent=618478"}],"wp:term":[{"taxonomy":"product_brand","embeddable":true,"href":"https:\/\/shop.kustom.ch\/en\/wp-json\/wp\/v2\/product_brand?post=618478"},{"taxonomy":"product_cat","embeddable":true,"href":"https:\/\/shop.kustom.ch\/en\/wp-json\/wp\/v2\/product_cat?post=618478"},{"taxonomy":"product_tag","embeddable":true,"href":"https:\/\/shop.kustom.ch\/en\/wp-json\/wp\/v2\/product_tag?post=618478"}],"curies":[{"name":"wp","href":"https:\/\/api.w.org\/{rel}","templated":true}]}}