{"id":618477,"date":"2025-03-12T02:48:54","date_gmt":"2025-03-12T01:48:54","guid":{"rendered":"https:\/\/shop.kustom.ch\/?post_type=product&#038;p=618477"},"modified":"2026-03-31T12:47:59","modified_gmt":"2026-03-31T11:47:59","slug":"erima-flash-elite","status":"publish","type":"product","link":"https:\/\/shop.kustom.ch\/en\/product\/erima-flash-elite\/","title":{"rendered":"ERIMA FLASH Elite"},"content":{"rendered":"<p>Our match handball - specially developed for professionals - unrivalled precision and control for top performance in every phase of the game!<br \/>\nState-of-the-art 1.5 mm upper material for optimum grip; backing layer made from recycled polyester for a pleasantly soft feel<\/p>","protected":false},"excerpt":{"rendered":"<p>Unser Matchhandball \u2013 speziell f\u00fcr Profis entwickelt \u2013 unvergleichliche Pr\u00e4zision und Kontrolle f\u00fcr Spitzenleistungen in jeder Phase des Spiels! Modernstes 1,5 mm Obermaterial f\u00fcr optimalen Grip; Backing-Schicht aus recyceltem Polyester f\u00fcr angenehm weich<\/p>","protected":false},"featured_media":618485,"template":"","meta":[],"product_brand":[],"product_cat":[4175,4209],"product_tag":[],"class_list":{"0":"post-618477","1":"product","2":"type-product","3":"status-publish","4":"has-post-thumbnail","6":"product_cat-baelle","7":"product_cat-zubehoer","8":"pa_brand-erima","9":"pa_brand-type-sportswear","10":"pa_filter-color-weiss","12":"first","13":"instock","14":"sale","15":"taxable","16":"shipping-taxable","17":"purchasable","18":"product-type-variable","19":"add-to-wishlist-before_image"},"exclude_global_add_ons":[],"addons":[],"acf":[],"_links":{"self":[{"href":"https:\/\/shop.kustom.ch\/en\/wp-json\/wp\/v2\/product\/618477"}],"collection":[{"href":"https:\/\/shop.kustom.ch\/en\/wp-json\/wp\/v2\/product"}],"about":[{"href":"https:\/\/shop.kustom.ch\/en\/wp-json\/wp\/v2\/types\/product"}],"wp:featuredmedia":[{"embeddable":true,"href":"https:\/\/shop.kustom.ch\/en\/wp-json\/wp\/v2\/media\/618485"}],"wp:attachment":[{"href":"https:\/\/shop.kustom.ch\/en\/wp-json\/wp\/v2\/media?parent=618477"}],"wp:term":[{"taxonomy":"product_brand","embeddable":true,"href":"https:\/\/shop.kustom.ch\/en\/wp-json\/wp\/v2\/product_brand?post=618477"},{"taxonomy":"product_cat","embeddable":true,"href":"https:\/\/shop.kustom.ch\/en\/wp-json\/wp\/v2\/product_cat?post=618477"},{"taxonomy":"product_tag","embeddable":true,"href":"https:\/\/shop.kustom.ch\/en\/wp-json\/wp\/v2\/product_tag?post=618477"}],"curies":[{"name":"wp","href":"https:\/\/api.w.org\/{rel}","templated":true}]}}