{"id":618455,"date":"2025-03-12T02:48:16","date_gmt":"2025-03-12T01:48:16","guid":{"rendered":"https:\/\/shop.kustom.ch\/?post_type=product&#038;p=618455"},"modified":"2026-03-31T12:47:40","modified_gmt":"2026-03-31T11:47:40","slug":"magic-white","status":"publish","type":"product","link":"https:\/\/shop.kustom.ch\/en\/product\/magic-white\/","title":{"rendered":"MAGIC WHITE"},"content":{"rendered":"<p>A must-have for all sports halls where resin is banned! The MAGIC WHITE impresses with outstanding grip without any resin.<br \/>\nLong-lasting, high-quality handball; High-tech PU for exceptional grip; Second backing layer made of soft gel for a particularly soft feel, made from recycled PET bottles; Extremely grippy and excellent ball feel; Seams barely noticeable thanks to hydro stitching; Not suitable for use with resin; Reduced size and weight for better handling, in accordance with IHF specifications for resin-free balls; Optimum bounce even with low air pressure; Ideal playing and grip properties even with trick throws; Latex bladder for optimum bounce<\/p>","protected":false},"excerpt":{"rendered":"<p>Must-have f\u00fcr alle Sporthallen, in denen Harzverbot herrscht! Der MAGIC WHITE \u00fcberzeugt mit hervorragendem Grip ganz ohne Harz. Lang haltbarer, hochwertiger Handball; Hightech-PU f\u00fcr aussergew\u00f6hnlichen Grip; Zweite Backing-Schicht aus Soft Gel f\u00fcr ein besonders weiches Spielgef\u00fchl, hergestellt aus recycelten PET-Flaschen; Extrem griffig und exzellentes Ballgef\u00fchl; N\u00e4hte kaum sp\u00fcrbar dank Hydro Stitching; Nicht f\u00fcr die Verwendung [&hellip;]<\/p>\n","protected":false},"featured_media":618476,"template":"","meta":[],"product_brand":[],"product_cat":[4175,4209],"product_tag":[],"class_list":{"0":"post-618455","1":"product","2":"type-product","3":"status-publish","4":"has-post-thumbnail","6":"product_cat-baelle","7":"product_cat-zubehoer","8":"pa_brand-erima","9":"pa_brand-type-sportswear","10":"pa_filter-color-weiss","12":"first","13":"instock","14":"sale","15":"taxable","16":"shipping-taxable","17":"purchasable","18":"product-type-variable","19":"add-to-wishlist-before_image"},"exclude_global_add_ons":[],"addons":[],"acf":[],"_links":{"self":[{"href":"https:\/\/shop.kustom.ch\/en\/wp-json\/wp\/v2\/product\/618455"}],"collection":[{"href":"https:\/\/shop.kustom.ch\/en\/wp-json\/wp\/v2\/product"}],"about":[{"href":"https:\/\/shop.kustom.ch\/en\/wp-json\/wp\/v2\/types\/product"}],"wp:featuredmedia":[{"embeddable":true,"href":"https:\/\/shop.kustom.ch\/en\/wp-json\/wp\/v2\/media\/618476"}],"wp:attachment":[{"href":"https:\/\/shop.kustom.ch\/en\/wp-json\/wp\/v2\/media?parent=618455"}],"wp:term":[{"taxonomy":"product_brand","embeddable":true,"href":"https:\/\/shop.kustom.ch\/en\/wp-json\/wp\/v2\/product_brand?post=618455"},{"taxonomy":"product_cat","embeddable":true,"href":"https:\/\/shop.kustom.ch\/en\/wp-json\/wp\/v2\/product_cat?post=618455"},{"taxonomy":"product_tag","embeddable":true,"href":"https:\/\/shop.kustom.ch\/en\/wp-json\/wp\/v2\/product_tag?post=618455"}],"curies":[{"name":"wp","href":"https:\/\/api.w.org\/{rel}","templated":true}]}}