{"id":618451,"date":"2025-03-12T02:48:15","date_gmt":"2025-03-12T01:48:15","guid":{"rendered":"https:\/\/shop.kustom.ch\/?post_type=product&#038;p=618451"},"modified":"2026-04-08T15:02:59","modified_gmt":"2026-04-08T14:02:59","slug":"senzor-star-training-2","status":"publish","type":"product","link":"https:\/\/shop.kustom.ch\/en\/product\/senzor-star-training-2\/","title":{"rendered":"SENZOR-STAR Training"},"content":{"rendered":"<p>Durable training ball with soft ball contact, even in sub-zero temperatures.<br \/>\nNew design in bold colours for high recognition value; Size 5 available in two colours; Durable PU material with 3D structure for perfect flight characteristics; ABS valve\/latex bladder; Latest RESIST-Digital Technology for long-lasting grip and perfect roundness; Internal seams reduce water absorption; Sustainable, water-based printing inks; FIFA BASIC certified (size 5 &amp; 4)<\/p>","protected":false},"excerpt":{"rendered":"<p>Langlebiger Trainingsball mit weichem Ballkontakt, auch bei Minusgraden. Neues Design in kr\u00e4ftigen Farben f\u00fcr hohen Wiedererkennungswert; Gr\u00f6sse 5 in zwei Farbstellungen erh\u00e4ltlich; Langlebiges PU-Material mit 3D-Struktur f\u00fcr perfekte Flugeigenschaften; ABS Ventil\/Latex-Blase; Neueste RESIST-Digital Technology f\u00fcr langen Halt und perfekte Rundheit; Innenliegende N\u00e4hte verringern Wasseraufnahme; Nachhaltige, wasserbasierte Druckfarben; FIFA BASIC zertifiziert (Gr. 5 &amp; 4)<\/p>","protected":false},"featured_media":618458,"template":"","meta":[],"product_brand":[],"product_cat":[4175,4209],"product_tag":[],"class_list":{"0":"post-618451","1":"product","2":"type-product","3":"status-publish","4":"has-post-thumbnail","6":"product_cat-baelle","7":"product_cat-zubehoer","8":"pa_brand-erima","9":"pa_brand-type-sportswear","10":"pa_filter-color-blau","11":"pa_filter-color-gelb","12":"pa_filter-color-grau","13":"pa_filter-color-gruen","14":"pa_filter-color-orange","15":"pa_filter-color-pink","16":"pa_filter-color-rot","17":"pa_filter-color-schwarz","18":"pa_filter-color-weiss","20":"first","21":"instock","22":"sale","23":"taxable","24":"shipping-taxable","25":"purchasable","26":"product-type-variable","27":"add-to-wishlist-before_image"},"exclude_global_add_ons":[],"addons":[],"acf":[],"_links":{"self":[{"href":"https:\/\/shop.kustom.ch\/en\/wp-json\/wp\/v2\/product\/618451"}],"collection":[{"href":"https:\/\/shop.kustom.ch\/en\/wp-json\/wp\/v2\/product"}],"about":[{"href":"https:\/\/shop.kustom.ch\/en\/wp-json\/wp\/v2\/types\/product"}],"wp:featuredmedia":[{"embeddable":true,"href":"https:\/\/shop.kustom.ch\/en\/wp-json\/wp\/v2\/media\/618458"}],"wp:attachment":[{"href":"https:\/\/shop.kustom.ch\/en\/wp-json\/wp\/v2\/media?parent=618451"}],"wp:term":[{"taxonomy":"product_brand","embeddable":true,"href":"https:\/\/shop.kustom.ch\/en\/wp-json\/wp\/v2\/product_brand?post=618451"},{"taxonomy":"product_cat","embeddable":true,"href":"https:\/\/shop.kustom.ch\/en\/wp-json\/wp\/v2\/product_cat?post=618451"},{"taxonomy":"product_tag","embeddable":true,"href":"https:\/\/shop.kustom.ch\/en\/wp-json\/wp\/v2\/product_tag?post=618451"}],"curies":[{"name":"wp","href":"https:\/\/api.w.org\/{rel}","templated":true}]}}