{"id":618002,"date":"2025-03-12T02:44:16","date_gmt":"2025-03-12T01:44:16","guid":{"rendered":"https:\/\/shop.kustom.ch\/?post_type=product&#038;p=618002"},"modified":"2026-03-31T12:43:43","modified_gmt":"2026-03-31T11:43:43","slug":"libero-125-jersey","status":"publish","type":"product","link":"https:\/\/shop.kustom.ch\/en\/product\/libero-125-jersey\/","title":{"rendered":"LIBERO 125 Jersey"},"content":{"rendered":"<p>All-rounder for all athletes.<br \/>\nDurable functional material; Loose unisex cut for men and women; Reinforced collar with silicone tape; Front with sublimated fade out stripe design; Optimum decoration options thanks to side seam moved to the back; Unisex item: Ladies please choose one size smaller<br \/>\n100% Polyester (recycled)<\/p>","protected":false},"excerpt":{"rendered":"<p>Multitalent f\u00fcr alle Sportlerinnen und Sportler. Strapazierf\u00e4higes Funktionsmaterial; Lockerer Unisex Schnitt f\u00fcr Damen und Herren; Verst\u00e4rkter Kragen durch Silikon Tape; Vorderseite mit sublimiertem fade out Streifen-Design; Optimale Veredelungsm\u00f6glichkeiten dank nach hinten verlegter Seitennaht; Unisex Artikel: Damen w\u00e4hlen bitte eine Gr\u00f6sse kleiner 100% Polyester (recycelt)<\/p>","protected":false},"featured_media":618022,"template":"","meta":[],"product_brand":[],"product_cat":[4205],"product_tag":[],"class_list":{"0":"post-618002","1":"product","2":"type-product","3":"status-publish","4":"has-post-thumbnail","6":"product_cat-trikots","7":"pa_brand-erima","8":"pa_brand-type-sportswear","9":"pa_filter-color-blau","10":"pa_filter-color-gelb","11":"pa_filter-color-gruen","12":"pa_filter-color-orange","13":"pa_filter-color-rot","14":"pa_filter-color-schwarz","15":"pa_filter-color-weiss","17":"first","18":"instock","19":"sale","20":"taxable","21":"shipping-taxable","22":"purchasable","23":"product-type-variable","24":"add-to-wishlist-before_image"},"exclude_global_add_ons":[],"addons":[],"acf":[],"_links":{"self":[{"href":"https:\/\/shop.kustom.ch\/en\/wp-json\/wp\/v2\/product\/618002"}],"collection":[{"href":"https:\/\/shop.kustom.ch\/en\/wp-json\/wp\/v2\/product"}],"about":[{"href":"https:\/\/shop.kustom.ch\/en\/wp-json\/wp\/v2\/types\/product"}],"wp:featuredmedia":[{"embeddable":true,"href":"https:\/\/shop.kustom.ch\/en\/wp-json\/wp\/v2\/media\/618022"}],"wp:attachment":[{"href":"https:\/\/shop.kustom.ch\/en\/wp-json\/wp\/v2\/media?parent=618002"}],"wp:term":[{"taxonomy":"product_brand","embeddable":true,"href":"https:\/\/shop.kustom.ch\/en\/wp-json\/wp\/v2\/product_brand?post=618002"},{"taxonomy":"product_cat","embeddable":true,"href":"https:\/\/shop.kustom.ch\/en\/wp-json\/wp\/v2\/product_cat?post=618002"},{"taxonomy":"product_tag","embeddable":true,"href":"https:\/\/shop.kustom.ch\/en\/wp-json\/wp\/v2\/product_tag?post=618002"}],"curies":[{"name":"wp","href":"https:\/\/api.w.org\/{rel}","templated":true}]}}