{"id":617783,"date":"2025-03-12T02:41:51","date_gmt":"2025-03-12T01:41:51","guid":{"rendered":"https:\/\/shop.kustom.ch\/?post_type=product&#038;p=617783"},"modified":"2026-03-31T12:42:46","modified_gmt":"2026-03-31T11:42:46","slug":"cmpt-stadium-jacket","status":"publish","type":"product","link":"https:\/\/shop.kustom.ch\/en\/product\/cmpt-stadium-jacket\/","title":{"rendered":"CMPT Stadium Jacket"},"content":{"rendered":"<p>Cosy warmth for the stadium.<br \/>\nLined jacket with 5,000 mm water column thanks to water-repellent membrane; Detachable hood with drawstring; 2-way zip with fleece chin guard on the inside; Chest pocket with zip; Side zip pockets; Inside pocket; Large mesh inside pockets; Integrated cuffs with thumb hole and Velcro fastener on the sleeves; ERIMA logo on the chest<br \/>\n100% Polyester<\/p>","protected":false},"excerpt":{"rendered":"<p>Wohlige W\u00e4rme f\u00fcrs Stadion. Gef\u00fctterte Jacke mit 5.000 mm Wassers\u00e4ule durch wasserabweisende Membran; Abnehmbare Kapuze mit Kordelzug; 2-Wege-Reissverschluss mit Kinnschutz aus Fleece an der Innenseite; Brusttasche mit Reissverschluss; Seitliche Reissverschlusstaschen; Innentasche; Grosse Mesh-Innentaschen; Eingearbeitetes B\u00fcndchen mit Daumenloch und Klettverschluss an den \u00c4rmeln; ERIMA Logo auf der Brust 100% Polyester<\/p>","protected":false},"featured_media":617787,"template":"","meta":[],"product_brand":[],"product_cat":[4186],"product_tag":[],"class_list":{"0":"post-617783","1":"product","2":"type-product","3":"status-publish","4":"has-post-thumbnail","6":"product_cat-jacken","7":"pa_brand-erima","8":"pa_brand-type-sportswear","9":"pa_filter-color-blau","10":"pa_filter-color-schwarz","12":"first","13":"instock","14":"sale","15":"taxable","16":"shipping-taxable","17":"purchasable","18":"product-type-variable","19":"add-to-wishlist-before_image"},"exclude_global_add_ons":[],"addons":[],"acf":[],"_links":{"self":[{"href":"https:\/\/shop.kustom.ch\/en\/wp-json\/wp\/v2\/product\/617783"}],"collection":[{"href":"https:\/\/shop.kustom.ch\/en\/wp-json\/wp\/v2\/product"}],"about":[{"href":"https:\/\/shop.kustom.ch\/en\/wp-json\/wp\/v2\/types\/product"}],"wp:featuredmedia":[{"embeddable":true,"href":"https:\/\/shop.kustom.ch\/en\/wp-json\/wp\/v2\/media\/617787"}],"wp:attachment":[{"href":"https:\/\/shop.kustom.ch\/en\/wp-json\/wp\/v2\/media?parent=617783"}],"wp:term":[{"taxonomy":"product_brand","embeddable":true,"href":"https:\/\/shop.kustom.ch\/en\/wp-json\/wp\/v2\/product_brand?post=617783"},{"taxonomy":"product_cat","embeddable":true,"href":"https:\/\/shop.kustom.ch\/en\/wp-json\/wp\/v2\/product_cat?post=617783"},{"taxonomy":"product_tag","embeddable":true,"href":"https:\/\/shop.kustom.ch\/en\/wp-json\/wp\/v2\/product_tag?post=617783"}],"curies":[{"name":"wp","href":"https:\/\/api.w.org\/{rel}","templated":true}]}}