{"id":617156,"date":"2025-03-12T02:37:28","date_gmt":"2025-03-12T01:37:28","guid":{"rendered":"https:\/\/shop.kustom.ch\/?post_type=product&#038;p=617156"},"modified":"2026-03-31T12:39:58","modified_gmt":"2026-03-31T11:39:58","slug":"cmpt-3-wings-sweatpants-gk","status":"publish","type":"product","link":"https:\/\/shop.kustom.ch\/en\/product\/cmpt-3-wings-sweatpants-gk\/","title":{"rendered":"CMPT 3 Wings Sweatpants GK"},"content":{"rendered":"<p>Made for your next training &amp; game.<br \/>\nDurable material mix thanks to diagonal fibre cut; Elasticated waistband with drawstring; Side pockets; Side inserts with ERIMA Wings print; Open leg cuffs<br \/>\n57% polyester, 43% cotton<\/p>","protected":false},"excerpt":{"rendered":"<p>Gemacht f\u00fcr dein n\u00e4chstes Training &amp; Spiel. Strapazierf\u00e4higer Materialmix durch Diagonal Fiber Cut; Elastischer Bund mit Kordelzug; Seitliche Eingrifftaschen; Seitliche Eins\u00e4tze mit ERIMA Wings-Druck; Offener Beinabschluss 57% Polyester, 43% Baumwolle<\/p>","protected":false},"featured_media":617164,"template":"","meta":[],"product_brand":[],"product_cat":[4185],"product_tag":[],"class_list":{"0":"post-617156","1":"product","2":"type-product","3":"status-publish","4":"has-post-thumbnail","6":"product_cat-hosen","7":"pa_brand-erima","8":"pa_brand-type-sportswear","9":"pa_filter-color-schwarz","11":"first","12":"instock","13":"sale","14":"taxable","15":"shipping-taxable","16":"purchasable","17":"product-type-variable","18":"add-to-wishlist-before_image"},"exclude_global_add_ons":[],"addons":[],"acf":[],"_links":{"self":[{"href":"https:\/\/shop.kustom.ch\/en\/wp-json\/wp\/v2\/product\/617156"}],"collection":[{"href":"https:\/\/shop.kustom.ch\/en\/wp-json\/wp\/v2\/product"}],"about":[{"href":"https:\/\/shop.kustom.ch\/en\/wp-json\/wp\/v2\/types\/product"}],"wp:featuredmedia":[{"embeddable":true,"href":"https:\/\/shop.kustom.ch\/en\/wp-json\/wp\/v2\/media\/617164"}],"wp:attachment":[{"href":"https:\/\/shop.kustom.ch\/en\/wp-json\/wp\/v2\/media?parent=617156"}],"wp:term":[{"taxonomy":"product_brand","embeddable":true,"href":"https:\/\/shop.kustom.ch\/en\/wp-json\/wp\/v2\/product_brand?post=617156"},{"taxonomy":"product_cat","embeddable":true,"href":"https:\/\/shop.kustom.ch\/en\/wp-json\/wp\/v2\/product_cat?post=617156"},{"taxonomy":"product_tag","embeddable":true,"href":"https:\/\/shop.kustom.ch\/en\/wp-json\/wp\/v2\/product_tag?post=617156"}],"curies":[{"name":"wp","href":"https:\/\/api.w.org\/{rel}","templated":true}]}}