{"id":615860,"date":"2025-03-12T02:30:08","date_gmt":"2025-03-12T01:30:08","guid":{"rendered":"https:\/\/shop.kustom.ch\/?post_type=product&#038;p=615860"},"modified":"2026-03-31T12:35:36","modified_gmt":"2026-03-31T11:35:36","slug":"cmpt-puffer-vest","status":"publish","type":"product","link":"https:\/\/shop.kustom.ch\/en\/product\/cmpt-puffer-vest\/","title":{"rendered":"CMPT Puffer Vest"},"content":{"rendered":"<p>The sporty quilted waistcoat is a must-have for the transitional season.<br \/>\nLightweight, padded waistcoat; Narrow quilted seams for a sporty fit; Collar with ribbed inside for high comfort; Underlaid zip with chin guard; Side zip pockets &amp; chest pocket with reflective piping; ERIMA logo on the chest, reflective logo on the back; Inside pocket with Velcro fastener; Elastic edging on the arm and hem for a perfect fit<br \/>\n100% Polyester<\/p>","protected":false},"excerpt":{"rendered":"<p>Die sportliche Steppweste ist ein Must-have f\u00fcr die \u00dcbergangszeit. Leichte, wattierte Weste; Schmale Steppn\u00e4hte f\u00fcr eine sportliche Passform; Kragen mit gerippter Innenseite f\u00fcr hohen Komfort; Unterlegter Reissverschluss mit Kinnschutz; Seitliche Reissverschlusstaschen &amp; Brusttasche mit reflektierendem Piping; ERIMA Logo auf der Brust, reflektierendes Logo auf der R\u00fcckseite; Innentasche mit Klettverschluss; Elastisches Einfassband an Arm und Saum [&hellip;]<\/p>\n","protected":false},"featured_media":615885,"template":"","meta":[],"product_brand":[],"product_cat":[4186],"product_tag":[],"class_list":{"0":"post-615860","1":"product","2":"type-product","3":"status-publish","4":"has-post-thumbnail","6":"product_cat-jacken","7":"pa_brand-erima","8":"pa_brand-type-sportswear","9":"pa_filter-color-blau","10":"pa_filter-color-rot","11":"pa_filter-color-schwarz","13":"first","14":"instock","15":"sale","16":"taxable","17":"shipping-taxable","18":"purchasable","19":"product-type-variable","20":"add-to-wishlist-before_image"},"exclude_global_add_ons":[],"addons":[],"acf":[],"_links":{"self":[{"href":"https:\/\/shop.kustom.ch\/en\/wp-json\/wp\/v2\/product\/615860"}],"collection":[{"href":"https:\/\/shop.kustom.ch\/en\/wp-json\/wp\/v2\/product"}],"about":[{"href":"https:\/\/shop.kustom.ch\/en\/wp-json\/wp\/v2\/types\/product"}],"wp:featuredmedia":[{"embeddable":true,"href":"https:\/\/shop.kustom.ch\/en\/wp-json\/wp\/v2\/media\/615885"}],"wp:attachment":[{"href":"https:\/\/shop.kustom.ch\/en\/wp-json\/wp\/v2\/media?parent=615860"}],"wp:term":[{"taxonomy":"product_brand","embeddable":true,"href":"https:\/\/shop.kustom.ch\/en\/wp-json\/wp\/v2\/product_brand?post=615860"},{"taxonomy":"product_cat","embeddable":true,"href":"https:\/\/shop.kustom.ch\/en\/wp-json\/wp\/v2\/product_cat?post=615860"},{"taxonomy":"product_tag","embeddable":true,"href":"https:\/\/shop.kustom.ch\/en\/wp-json\/wp\/v2\/product_tag?post=615860"}],"curies":[{"name":"wp","href":"https:\/\/api.w.org\/{rel}","templated":true}]}}