{"id":613643,"date":"2025-03-06T04:56:52","date_gmt":"2025-03-06T03:56:52","guid":{"rendered":"https:\/\/shop.kustom.ch\/?post_type=product&#038;p=613643"},"modified":"2026-04-01T07:26:52","modified_gmt":"2026-04-01T06:26:52","slug":"fhb-original-wendelin-merino-wollmuetze","status":"publish","type":"product","link":"https:\/\/shop.kustom.ch\/en\/product\/fhb-original-wendelin-merino-wollmuetze\/","title":{"rendered":"WENDELIN Merino - woollen hat"},"content":{"rendered":"<p>Size:<br \/>\nOne size fits all<br \/>\nFit:<br \/>\nThe seams at the top ensure a good fit - not too loose and not too tight.<br \/>\nStays in shape.<br \/>\nNo wear and tear.<br \/>\nDesign:<br \/>\nSingle-coloured, simple and timeless.<br \/>\nLogo service:<br \/>\nWendelin can be customised.<br \/>\nWhether direct embroidery, embroidery emblems or thermal transfers, there are various finishing methods.<br \/>\nIn principle, all three grafting methods are possible at Wendelin.<br \/>\nFor your personalisation and special placements, please contact your specialist dealer.<br \/>\nManufactured in:<br \/>\nGermany<\/p>","protected":false},"excerpt":{"rendered":"<p>Gr\u00f6sse: Einheitsgr\u00f6sse Passform: Kann unterschiedlich breit umgeschlagen werden.Die N\u00e4hte oben sorgen f\u00fcr guten Sitz &#8211; nicht zu locker und nicht zu stramm. Bleibt in Form. Kein Ausleiern. Design: Einfarbig, schlicht und zeitlos. Logo-Service: Wendelin kann individuell veredelt werden. Ob Direkteinstickung, Stickemblem oder Thermotransfers \u0096 es gibt verschiedene Veredelungsmethoden. Bei Wendelin sind grunds\u00e4tzlich alle drei Veredelungsmethoden [&hellip;]<\/p>\n","protected":false},"featured_media":672345,"template":"","meta":[],"product_brand":[],"product_cat":[4177],"product_tag":[],"class_list":{"0":"post-613643","1":"product","2":"type-product","3":"status-publish","4":"has-post-thumbnail","6":"product_cat-caps-muetzen","7":"pa_brand-fhb","8":"pa_brand-type-workwear","9":"pa_filter-color-marine","10":"pa_filter-color-schwarz","12":"first","13":"instock","14":"sale","15":"taxable","16":"shipping-taxable","17":"purchasable","18":"product-type-variable","19":"add-to-wishlist-before_image"},"exclude_global_add_ons":[],"addons":[],"acf":[],"_links":{"self":[{"href":"https:\/\/shop.kustom.ch\/en\/wp-json\/wp\/v2\/product\/613643"}],"collection":[{"href":"https:\/\/shop.kustom.ch\/en\/wp-json\/wp\/v2\/product"}],"about":[{"href":"https:\/\/shop.kustom.ch\/en\/wp-json\/wp\/v2\/types\/product"}],"wp:featuredmedia":[{"embeddable":true,"href":"https:\/\/shop.kustom.ch\/en\/wp-json\/wp\/v2\/media\/672345"}],"wp:attachment":[{"href":"https:\/\/shop.kustom.ch\/en\/wp-json\/wp\/v2\/media?parent=613643"}],"wp:term":[{"taxonomy":"product_brand","embeddable":true,"href":"https:\/\/shop.kustom.ch\/en\/wp-json\/wp\/v2\/product_brand?post=613643"},{"taxonomy":"product_cat","embeddable":true,"href":"https:\/\/shop.kustom.ch\/en\/wp-json\/wp\/v2\/product_cat?post=613643"},{"taxonomy":"product_tag","embeddable":true,"href":"https:\/\/shop.kustom.ch\/en\/wp-json\/wp\/v2\/product_tag?post=613643"}],"curies":[{"name":"wp","href":"https:\/\/api.w.org\/{rel}","templated":true}]}}