{"id":613525,"date":"2025-03-06T04:55:46","date_gmt":"2025-03-06T03:55:46","guid":{"rendered":"https:\/\/shop.kustom.ch\/?post_type=product&#038;p=613525"},"modified":"2026-04-01T07:06:26","modified_gmt":"2026-04-01T06:06:26","slug":"fhb-original-daniel-polo-shirt","status":"publish","type":"product","link":"https:\/\/shop.kustom.ch\/en\/product\/fhb-original-daniel-polo-shirt\/","title":{"rendered":"DANIEL polo shirt"},"content":{"rendered":"<p>Modern fit.<br \/>\nThe slim, straight cut fits close to the body.Clear, timeless design.Ribbed polo collar and sleeves with ribbed cuffs.Extra wide button placket with two buttons.Side slits at the hem for more freedom of movement.Good finishing options on the front, back and sleeves. Material: 100% cotton<\/p>","protected":false},"excerpt":{"rendered":"<p>Moderne Passform. Sitzt k\u00f6rpernah durch schmalen, geraden Schnitt.Klares, zeitlose Design.Gerippter Polokragen und \u00c4rmel mit gerippten Armb\u00fcndchen.Extra breite Knopfleiste mit zwei Kn\u00f6pfen.Seitliche Schlitze am Saum f\u00fcr mehr Bewegungsfreiheit.Gute Veredelungsm\u00f6glichkeiten vorne, hinten und an den \u00c4rmeln.. Material: 100% Baumwolle<\/p>","protected":false},"featured_media":671948,"template":"","meta":[],"product_brand":[],"product_cat":[4193],"product_tag":[],"class_list":{"0":"post-613525","1":"product","2":"type-product","3":"status-publish","4":"has-post-thumbnail","6":"product_cat-polos","7":"pa_brand-fhb","8":"pa_brand-type-workwear","9":"pa_filter-color-anthrazit","10":"pa_filter-color-beige","11":"pa_filter-color-grau","12":"pa_filter-color-grau-meliert","13":"pa_filter-color-gruen","14":"pa_filter-color-marine","15":"pa_filter-color-oliv","16":"pa_filter-color-rot","17":"pa_filter-color-royalblau","18":"pa_filter-color-schwarz","19":"pa_filter-color-weiss","21":"first","22":"instock","23":"sale","24":"taxable","25":"shipping-taxable","26":"purchasable","27":"product-type-variable","28":"add-to-wishlist-before_image"},"exclude_global_add_ons":[],"addons":[],"acf":[],"_links":{"self":[{"href":"https:\/\/shop.kustom.ch\/en\/wp-json\/wp\/v2\/product\/613525"}],"collection":[{"href":"https:\/\/shop.kustom.ch\/en\/wp-json\/wp\/v2\/product"}],"about":[{"href":"https:\/\/shop.kustom.ch\/en\/wp-json\/wp\/v2\/types\/product"}],"wp:featuredmedia":[{"embeddable":true,"href":"https:\/\/shop.kustom.ch\/en\/wp-json\/wp\/v2\/media\/671948"}],"wp:attachment":[{"href":"https:\/\/shop.kustom.ch\/en\/wp-json\/wp\/v2\/media?parent=613525"}],"wp:term":[{"taxonomy":"product_brand","embeddable":true,"href":"https:\/\/shop.kustom.ch\/en\/wp-json\/wp\/v2\/product_brand?post=613525"},{"taxonomy":"product_cat","embeddable":true,"href":"https:\/\/shop.kustom.ch\/en\/wp-json\/wp\/v2\/product_cat?post=613525"},{"taxonomy":"product_tag","embeddable":true,"href":"https:\/\/shop.kustom.ch\/en\/wp-json\/wp\/v2\/product_tag?post=613525"}],"curies":[{"name":"wp","href":"https:\/\/api.w.org\/{rel}","templated":true}]}}