{"id":613439,"date":"2025-03-06T04:54:21","date_gmt":"2025-03-06T03:54:21","guid":{"rendered":"https:\/\/shop.kustom.ch\/?post_type=product&#038;p=613439"},"modified":"2026-04-01T07:12:38","modified_gmt":"2026-04-01T06:12:38","slug":"fhb-original-konrad-polo-shirt","status":"publish","type":"product","link":"https:\/\/shop.kustom.ch\/en\/product\/fhb-original-konrad-polo-shirt\/","title":{"rendered":"KONRAD polo shirt"},"content":{"rendered":"<p>Modern fit.<br \/>\nTwo-coloured.Two-button placket.Chest pocket with pen compartment.Topstitching.Ribbed polo collar and sleeves with ribbed cuffs.Side slits at the hem for greater freedom of movement.Good decoration options at the front, back and sleeves.<br \/>\nThe contrasting area at the back is above the finishing position. Material: 60% cotton, 40% polyester<\/p>","protected":false},"excerpt":{"rendered":"<p>Moderne Passform. Sitzt k\u00f6rpernah durch schmalen, geraden Schnitt.Zweifarbig.Zwei-Knopf-Leiste.Brusttasche mit Stiftfach.Steppn\u00e4hte.Gerippter Polokragen und \u00c4rmel mit gerippten Armb\u00fcndchen.Seitliche Schlitze am Saum f\u00fcr mehr Bewegungsfreiheit.Gute Veredelungsm\u00f6glichkeiten vorne, hinten und an den \u00c4rmeln. Der Kontrastbereich hinten liegt oberhalb der Veredelungsposition.. Material: 60% Baumwolle, 40% Polyester<\/p>","protected":false},"featured_media":672177,"template":"","meta":[],"product_brand":[],"product_cat":[4193],"product_tag":[],"class_list":{"0":"post-613439","1":"product","2":"type-product","3":"status-publish","4":"has-post-thumbnail","6":"product_cat-polos","7":"pa_brand-fhb","8":"pa_brand-type-workwear","9":"pa_filter-color-anthrazit-schwarz","10":"pa_filter-color-beige-schwarz","11":"pa_filter-color-grau-schwarz","12":"pa_filter-color-gruen-schwarz","13":"pa_filter-color-marine-schwarz","14":"pa_filter-color-oliv-schwarz","15":"pa_filter-color-rot-schwarz","16":"pa_filter-color-royalblau-schwarz","17":"pa_filter-color-weiss-anthrazit","19":"first","20":"instock","21":"sale","22":"taxable","23":"shipping-taxable","24":"purchasable","25":"product-type-variable","26":"add-to-wishlist-before_image"},"exclude_global_add_ons":[],"addons":[],"acf":[],"_links":{"self":[{"href":"https:\/\/shop.kustom.ch\/en\/wp-json\/wp\/v2\/product\/613439"}],"collection":[{"href":"https:\/\/shop.kustom.ch\/en\/wp-json\/wp\/v2\/product"}],"about":[{"href":"https:\/\/shop.kustom.ch\/en\/wp-json\/wp\/v2\/types\/product"}],"wp:featuredmedia":[{"embeddable":true,"href":"https:\/\/shop.kustom.ch\/en\/wp-json\/wp\/v2\/media\/672177"}],"wp:attachment":[{"href":"https:\/\/shop.kustom.ch\/en\/wp-json\/wp\/v2\/media?parent=613439"}],"wp:term":[{"taxonomy":"product_brand","embeddable":true,"href":"https:\/\/shop.kustom.ch\/en\/wp-json\/wp\/v2\/product_brand?post=613439"},{"taxonomy":"product_cat","embeddable":true,"href":"https:\/\/shop.kustom.ch\/en\/wp-json\/wp\/v2\/product_cat?post=613439"},{"taxonomy":"product_tag","embeddable":true,"href":"https:\/\/shop.kustom.ch\/en\/wp-json\/wp\/v2\/product_tag?post=613439"}],"curies":[{"name":"wp","href":"https:\/\/api.w.org\/{rel}","templated":true}]}}