{"id":613437,"date":"2025-03-06T04:54:20","date_gmt":"2025-03-06T03:54:20","guid":{"rendered":"https:\/\/shop.kustom.ch\/?post_type=product&#038;p=613437"},"modified":"2026-04-01T07:40:09","modified_gmt":"2026-04-01T06:40:09","slug":"fhb-original-roland-charlottenburger","status":"publish","type":"product","link":"https:\/\/shop.kustom.ch\/en\/product\/fhb-original-roland-charlottenburger\/","title":{"rendered":"ROLAND Charlottenburger"},"content":{"rendered":"<p>The sturdy cotton cloth is traditionally used instead of a rucksack on a journeyman's backpack to stow away the journeyman's belongings.the large cloth is knotted into a bundle and offers enough storage space for the necessary tools, underwear, shirts and washing kit.how to fold the Charlottenburger correctly is a well-kept secret that the travelling journeymen pass on to each other.the cloth is passed on among the journeymen.it is printed with the traditional FHB design.<br \/>\nThe journeyman's special cloth is also known as Charly.<br \/>\nMass:<br \/>\n72 x 72 cm.<\/p>","protected":false},"excerpt":{"rendered":"<p>Das robuste Baumwolltuch wird traditionell anstatt einem Rucksack auf der Walz verwendet, um das Hab und Gut der Wandergesellen zu verstauen.Das grosse Tuch wird zu einem B\u00fcndel geknotet und bietet gen\u00fcgend Stauraum f\u00fcr das n\u00f6tige Werkzeug, Unterw\u00e4sche, Hemden und Waschzeug.Wie man den Charlottenburger richtig faltet, ist ein gut geh\u00fctetes Geheimnis, das sich die reisenden Zunftgesellen [&hellip;]<\/p>\n","protected":false},"featured_media":672284,"template":"","meta":[],"product_brand":[],"product_cat":[4209],"product_tag":[],"class_list":{"0":"post-613437","1":"product","2":"type-product","3":"status-publish","4":"has-post-thumbnail","6":"product_cat-zubehoer","7":"pa_brand-fhb","8":"pa_brand-type-workwear","9":"pa_filter-color-rot","11":"first","12":"instock","13":"sale","14":"taxable","15":"shipping-taxable","16":"purchasable","17":"product-type-variable","18":"add-to-wishlist-before_image"},"exclude_global_add_ons":[],"addons":[],"acf":[],"_links":{"self":[{"href":"https:\/\/shop.kustom.ch\/en\/wp-json\/wp\/v2\/product\/613437"}],"collection":[{"href":"https:\/\/shop.kustom.ch\/en\/wp-json\/wp\/v2\/product"}],"about":[{"href":"https:\/\/shop.kustom.ch\/en\/wp-json\/wp\/v2\/types\/product"}],"wp:featuredmedia":[{"embeddable":true,"href":"https:\/\/shop.kustom.ch\/en\/wp-json\/wp\/v2\/media\/672284"}],"wp:attachment":[{"href":"https:\/\/shop.kustom.ch\/en\/wp-json\/wp\/v2\/media?parent=613437"}],"wp:term":[{"taxonomy":"product_brand","embeddable":true,"href":"https:\/\/shop.kustom.ch\/en\/wp-json\/wp\/v2\/product_brand?post=613437"},{"taxonomy":"product_cat","embeddable":true,"href":"https:\/\/shop.kustom.ch\/en\/wp-json\/wp\/v2\/product_cat?post=613437"},{"taxonomy":"product_tag","embeddable":true,"href":"https:\/\/shop.kustom.ch\/en\/wp-json\/wp\/v2\/product_tag?post=613437"}],"curies":[{"name":"wp","href":"https:\/\/api.w.org\/{rel}","templated":true}]}}