{"id":613425,"date":"2025-03-06T04:54:18","date_gmt":"2025-03-06T03:54:18","guid":{"rendered":"https:\/\/shop.kustom.ch\/?post_type=product&#038;p=613425"},"modified":"2026-04-01T07:37:43","modified_gmt":"2026-04-01T06:37:43","slug":"fhb-original-luis-dachdecker-cap","status":"publish","type":"product","link":"https:\/\/shop.kustom.ch\/en\/product\/fhb-original-luis-dachdecker-cap\/","title":{"rendered":"LUIS roofing cap"},"content":{"rendered":"<p>Size:<br \/>\nOne sizeAdjustable<br \/>\nGuild:<br \/>\nRoofer<br \/>\nDetails:<br \/>\nEmbroidered guild sign on the front, size approx.<br \/>\n4.8 cm Pre-moulded shade.<br \/>\nHigh-quality metal flap fastener for width adjustment to the individual head size.<br \/>\nMetal buckle with FHB logo.roughened surface, soft feel.the natural breathability of the cotton and the air holes ensure a pleasant wearing comfort.<br \/>\nTimeless design The contrasting colour on the edge of the peak provides a small colour accent in rich red Sturdy construction in a classic 6-panel design and durable finish.<br \/>\nLogo service:<br \/>\nLuis can be customised.<br \/>\nWhether direct embroidery, embroidery emblems or thermal transfers, there are various finishing methods.<br \/>\nIn principle, all three grafting methods are possible with Luis.<br \/>\nFor your personalisation and special placements, please contact your specialist dealer.<br \/>\nProduction site:<br \/>\nChina<\/p>","protected":false},"excerpt":{"rendered":"<p>Gr\u00f6sse: Einheitsgr\u00f6sseVerstellbar Zunft: Dachdecker Details: Gesticktes Zunftzeichen auf der Frontseite, Gr\u00f6sse ca. 4,8 cm.Vorgeformter Schirm. Hochwertiger Metallklappenverschluss zur Weitenregulierung an die individuelle Kopfgr\u00f6sse. Metallschnalle mit FHB-Logo.Angeraute Oberfl\u00e4che, weicher Griff.F\u00fcr einen angenehmen Tragekomfort sorgt die nat\u00fcrliche Atmungsaktivit\u00e4t der Baumwolle und die Luftl\u00f6cher. Zeitloses Design.Die Kontrastfarbe am Schirmrand sorgt in sattem Rot f\u00fcr einen kleinen Farbakzent\u00a0Formstabile Konstruktion [&hellip;]<\/p>\n","protected":false},"featured_media":672210,"template":"","meta":[],"product_brand":[],"product_cat":[4177],"product_tag":[],"class_list":{"0":"post-613425","1":"product","2":"type-product","3":"status-publish","4":"has-post-thumbnail","6":"product_cat-caps-muetzen","7":"pa_brand-fhb","8":"pa_brand-type-workwear","9":"pa_filter-color-schwarz","11":"first","12":"instock","13":"sale","14":"taxable","15":"shipping-taxable","16":"purchasable","17":"product-type-variable","18":"add-to-wishlist-before_image"},"exclude_global_add_ons":[],"addons":[],"acf":[],"_links":{"self":[{"href":"https:\/\/shop.kustom.ch\/en\/wp-json\/wp\/v2\/product\/613425"}],"collection":[{"href":"https:\/\/shop.kustom.ch\/en\/wp-json\/wp\/v2\/product"}],"about":[{"href":"https:\/\/shop.kustom.ch\/en\/wp-json\/wp\/v2\/types\/product"}],"wp:featuredmedia":[{"embeddable":true,"href":"https:\/\/shop.kustom.ch\/en\/wp-json\/wp\/v2\/media\/672210"}],"wp:attachment":[{"href":"https:\/\/shop.kustom.ch\/en\/wp-json\/wp\/v2\/media?parent=613425"}],"wp:term":[{"taxonomy":"product_brand","embeddable":true,"href":"https:\/\/shop.kustom.ch\/en\/wp-json\/wp\/v2\/product_brand?post=613425"},{"taxonomy":"product_cat","embeddable":true,"href":"https:\/\/shop.kustom.ch\/en\/wp-json\/wp\/v2\/product_cat?post=613425"},{"taxonomy":"product_tag","embeddable":true,"href":"https:\/\/shop.kustom.ch\/en\/wp-json\/wp\/v2\/product_tag?post=613425"}],"curies":[{"name":"wp","href":"https:\/\/api.w.org\/{rel}","templated":true}]}}