{"id":613421,"date":"2025-03-06T04:53:42","date_gmt":"2025-03-06T03:53:42","guid":{"rendered":"https:\/\/shop.kustom.ch\/?post_type=product&#038;p=613421"},"modified":"2026-04-01T07:31:55","modified_gmt":"2026-04-01T06:31:55","slug":"fhb-original-simon-maurer-cap","status":"publish","type":"product","link":"https:\/\/shop.kustom.ch\/en\/product\/fhb-original-simon-maurer-cap\/","title":{"rendered":"SIMON Maurer-Cap"},"content":{"rendered":"<p>Size:<br \/>\nOne size fits all, adjustable.<br \/>\nGuild:<br \/>\nBricklayer<br \/>\nDetails:<br \/>\nEmbroidered guild sign on the front, size approx.<br \/>\n4.8 cm Pre-moulded shade.<br \/>\nHigh-quality metal flap fastener for width adjustment to the individual head size.<br \/>\nMetal buckle with FHB logo.roughened surface, soft feel.the natural breathability of the cotton and the air holes ensure a pleasant wearing comfort.<br \/>\nTimeless design The contrasting colour on the edge of the peak provides a small colour accent in rich red Sturdy construction in a classic 6-panel design and durable finish.<br \/>\nLogo service:<br \/>\nSimon can be customised.<br \/>\nWhether direct embroidery, embroidery emblems or thermal transfers, there are various finishing methods.<br \/>\nIn principle, all three grafting methods are possible at Simon.<br \/>\nFor your personalisation and special placements, please contact your specialist dealer.<br \/>\nManufactured in:<br \/>\nChina<\/p>","protected":false},"excerpt":{"rendered":"<p>Gr\u00f6sse: Einheitsgr\u00f6sse.Verstellbar. Zunft: Maurer Details: Gesticktes Zunftzeichen auf der Frontseite, Gr\u00f6sse ca. 4,8 cm.Vorgeformter Schirm. Hochwertiger Metallklappenverschluss zur Weitenregulierung an die individuelle Kopfgr\u00f6sse. Metallschnalle mit FHB-Logo.Angeraute Oberfl\u00e4che, weicher Griff.F\u00fcr einen angenehmen Tragekomfort sorgt die nat\u00fcrliche Atmungsaktivit\u00e4t der Baumwolle und die Luftl\u00f6cher. Zeitloses Design.Die Kontrastfarbe am Schirmrand sorgt in sattem Rot f\u00fcr einen kleinen Farbakzent\u00a0Formstabile Konstruktion [&hellip;]<\/p>\n","protected":false},"featured_media":672298,"template":"","meta":[],"product_brand":[],"product_cat":[4177],"product_tag":[],"class_list":{"0":"post-613421","1":"product","2":"type-product","3":"status-publish","4":"has-post-thumbnail","6":"product_cat-caps-muetzen","7":"pa_brand-fhb","8":"pa_brand-type-workwear","9":"pa_filter-color-schwarz","11":"first","12":"instock","13":"sale","14":"taxable","15":"shipping-taxable","16":"purchasable","17":"product-type-variable","18":"add-to-wishlist-before_image"},"exclude_global_add_ons":[],"addons":[],"acf":[],"_links":{"self":[{"href":"https:\/\/shop.kustom.ch\/en\/wp-json\/wp\/v2\/product\/613421"}],"collection":[{"href":"https:\/\/shop.kustom.ch\/en\/wp-json\/wp\/v2\/product"}],"about":[{"href":"https:\/\/shop.kustom.ch\/en\/wp-json\/wp\/v2\/types\/product"}],"wp:featuredmedia":[{"embeddable":true,"href":"https:\/\/shop.kustom.ch\/en\/wp-json\/wp\/v2\/media\/672298"}],"wp:attachment":[{"href":"https:\/\/shop.kustom.ch\/en\/wp-json\/wp\/v2\/media?parent=613421"}],"wp:term":[{"taxonomy":"product_brand","embeddable":true,"href":"https:\/\/shop.kustom.ch\/en\/wp-json\/wp\/v2\/product_brand?post=613421"},{"taxonomy":"product_cat","embeddable":true,"href":"https:\/\/shop.kustom.ch\/en\/wp-json\/wp\/v2\/product_cat?post=613421"},{"taxonomy":"product_tag","embeddable":true,"href":"https:\/\/shop.kustom.ch\/en\/wp-json\/wp\/v2\/product_tag?post=613421"}],"curies":[{"name":"wp","href":"https:\/\/api.w.org\/{rel}","templated":true}]}}