{"id":613418,"date":"2025-03-06T04:53:41","date_gmt":"2025-03-06T03:53:41","guid":{"rendered":"https:\/\/shop.kustom.ch\/?post_type=product&#038;p=613418"},"modified":"2026-04-01T07:24:27","modified_gmt":"2026-04-01T06:24:27","slug":"fhb-original-niklas-cap-wasserdicht","status":"publish","type":"product","link":"https:\/\/shop.kustom.ch\/en\/product\/fhb-original-niklas-cap-wasserdicht\/","title":{"rendered":"NIKLAS Cap Waterproof"},"content":{"rendered":"<p>Waterproof, breathable, windproof, taped seams on the inside.<br \/>\nThis prevents water from penetrating through the pinholes and the breathability ensures excellent air circulation.one size fits all.the size of the cap is adjustable.<br \/>\nThis allows you to adjust the width individually.<br \/>\nVery light at only 60 g.<br \/>\nThanks to its flexible construction and bendable peak, the cap can be easily folded up and quickly stowed away in a jacket pocket or rucksack.timeless design.FHB logo on the back of the adjuster.<br \/>\nLogo service:<br \/>\nNiklas can be customised.<br \/>\nWhether direct embroidery, embroidery emblems or thermal transfers, there are various finishing methods.<br \/>\nAll three grafting methods are possible with Niklas.<br \/>\nFor your personalisation and special placements, please contact your specialist dealer.<br \/>\nManufactured in:<br \/>\nChina<\/p>","protected":false},"excerpt":{"rendered":"<p>Wasserdicht, atmungsaktiv, winddicht.Verschweisste N\u00e4hte im Inneren. Dadurch wird verhindert, dass Wasser \u00fcber die Nadell\u00f6cher eindringen kann.Die Atmungsaktivit\u00e4t sorgt f\u00fcr eine hervorragende Luftzirkulation.Einheitsgr\u00f6sse.Die Gr\u00f6sse der Kappe ist verstellbar. So kannst du die Weite individuell einstellen. Mit nur 60 g sehr leicht. Durch die flexible Konstruktion und den biegsamen Schirm l\u00e4sst sich die Kappe leicht zusammenfalten und [&hellip;]<\/p>\n","protected":false},"featured_media":672250,"template":"","meta":[],"product_brand":[],"product_cat":[4177],"product_tag":[],"class_list":{"0":"post-613418","1":"product","2":"type-product","3":"status-publish","4":"has-post-thumbnail","6":"product_cat-caps-muetzen","7":"pa_brand-fhb","8":"pa_brand-type-workwear","9":"pa_filter-color-orange","10":"pa_filter-color-schwarz","12":"first","13":"instock","14":"sale","15":"taxable","16":"shipping-taxable","17":"purchasable","18":"product-type-variable","19":"add-to-wishlist-before_image"},"exclude_global_add_ons":[],"addons":[],"acf":[],"_links":{"self":[{"href":"https:\/\/shop.kustom.ch\/en\/wp-json\/wp\/v2\/product\/613418"}],"collection":[{"href":"https:\/\/shop.kustom.ch\/en\/wp-json\/wp\/v2\/product"}],"about":[{"href":"https:\/\/shop.kustom.ch\/en\/wp-json\/wp\/v2\/types\/product"}],"wp:featuredmedia":[{"embeddable":true,"href":"https:\/\/shop.kustom.ch\/en\/wp-json\/wp\/v2\/media\/672250"}],"wp:attachment":[{"href":"https:\/\/shop.kustom.ch\/en\/wp-json\/wp\/v2\/media?parent=613418"}],"wp:term":[{"taxonomy":"product_brand","embeddable":true,"href":"https:\/\/shop.kustom.ch\/en\/wp-json\/wp\/v2\/product_brand?post=613418"},{"taxonomy":"product_cat","embeddable":true,"href":"https:\/\/shop.kustom.ch\/en\/wp-json\/wp\/v2\/product_cat?post=613418"},{"taxonomy":"product_tag","embeddable":true,"href":"https:\/\/shop.kustom.ch\/en\/wp-json\/wp\/v2\/product_tag?post=613418"}],"curies":[{"name":"wp","href":"https:\/\/api.w.org\/{rel}","templated":true}]}}