{"id":613193,"date":"2025-03-06T04:50:27","date_gmt":"2025-03-06T03:50:27","guid":{"rendered":"https:\/\/shop.kustom.ch\/?post_type=product&#038;p=613193"},"modified":"2026-04-01T07:11:16","modified_gmt":"2026-04-01T06:11:16","slug":"fhb-original-jens-t-shirt","status":"publish","type":"product","link":"https:\/\/shop.kustom.ch\/en\/product\/fhb-original-jens-t-shirt\/","title":{"rendered":"JENS T-Shirt"},"content":{"rendered":"<p>Modern fit.<br \/>\nThe straight-cut T-shirt fits close to the body but is still pleasantly loose.Stretchy round neckline with elastane.Reinforced with neck tape and half moon in the neck.Stable topstitching on the neckline, sleeves and hem.Clear, timeless design.Maximum flexibility to place your logo - on the front, back and sleeves. Material: 100% ring-spun cotton<\/p>","protected":false},"excerpt":{"rendered":"<p>Moderne Passform. Das gerade geschnittene T-Shirt sitzt k\u00f6rpernah aber trotzdem angenehm locker.Dehnbarer Rundhalsausschnitt mit Elasthan.Verst\u00e4rkung durch Nackenband und Halbmond im Nacken.Formstabile Steppn\u00e4hte am Halsausschnitt sowie an \u00c4rmel und Saum.Klares, zeitloses Design.Maximale Flexibilit\u00e4t, um Dein Logo zu platzieren &#8211; vorne, hinten und an den \u00c4rmeln.. Material: 100% Ringspinn-Baumwolle<\/p>","protected":false},"featured_media":672131,"template":"","meta":[],"product_brand":[],"product_cat":[4201],"product_tag":[],"class_list":{"0":"post-613193","1":"product","2":"type-product","3":"status-publish","4":"has-post-thumbnail","6":"product_cat-t-shirts","7":"pa_brand-fhb","8":"pa_brand-type-workwear","9":"pa_filter-color-anthrazit","10":"pa_filter-color-grau","11":"pa_filter-color-grau-meliert","12":"pa_filter-color-gruen","13":"pa_filter-color-marine","14":"pa_filter-color-oliv","15":"pa_filter-color-rot","16":"pa_filter-color-royalblau","17":"pa_filter-color-schwarz","18":"pa_filter-color-weiss","20":"first","21":"instock","22":"sale","23":"taxable","24":"shipping-taxable","25":"purchasable","26":"product-type-variable","27":"add-to-wishlist-before_image"},"exclude_global_add_ons":[],"addons":[],"acf":[],"_links":{"self":[{"href":"https:\/\/shop.kustom.ch\/en\/wp-json\/wp\/v2\/product\/613193"}],"collection":[{"href":"https:\/\/shop.kustom.ch\/en\/wp-json\/wp\/v2\/product"}],"about":[{"href":"https:\/\/shop.kustom.ch\/en\/wp-json\/wp\/v2\/types\/product"}],"wp:featuredmedia":[{"embeddable":true,"href":"https:\/\/shop.kustom.ch\/en\/wp-json\/wp\/v2\/media\/672131"}],"wp:attachment":[{"href":"https:\/\/shop.kustom.ch\/en\/wp-json\/wp\/v2\/media?parent=613193"}],"wp:term":[{"taxonomy":"product_brand","embeddable":true,"href":"https:\/\/shop.kustom.ch\/en\/wp-json\/wp\/v2\/product_brand?post=613193"},{"taxonomy":"product_cat","embeddable":true,"href":"https:\/\/shop.kustom.ch\/en\/wp-json\/wp\/v2\/product_cat?post=613193"},{"taxonomy":"product_tag","embeddable":true,"href":"https:\/\/shop.kustom.ch\/en\/wp-json\/wp\/v2\/product_tag?post=613193"}],"curies":[{"name":"wp","href":"https:\/\/api.w.org\/{rel}","templated":true}]}}