{"id":613161,"date":"2025-03-06T04:49:43","date_gmt":"2025-03-06T03:49:43","guid":{"rendered":"https:\/\/shop.kustom.ch\/?post_type=product&#038;p=613161"},"modified":"2026-04-01T07:23:34","modified_gmt":"2026-04-01T06:23:34","slug":"fhb-original-soenke-hosentraeger-extra-lang-und-breit","status":"publish","type":"product","link":"https:\/\/shop.kustom.ch\/en\/product\/fhb-original-soenke-hosentraeger-extra-lang-und-breit\/","title":{"rendered":"S\u00d6NKE braces extra long and wide"},"content":{"rendered":"<p>Size:<br \/>\n140 cm Extra long in its maximum size, the braces are 140 cm long.<br \/>\nThanks to the easily adjustable metal buckles, the length of the braces can be individually adjusted to suit your height and body shape.<br \/>\nElasticated, stretchy straps for a comfortable fitExtra wide, sturdy 5 cm wide Hercules straps.<br \/>\nX-shape:<br \/>\nX-shaped braces are particularly advantageous at work.<br \/>\nThe crossed straps in the back provide particularly good support.<br \/>\nThe back cross is made of genuine leather.<br \/>\nLeather adapts well to the body and is very durable.<br \/>\nClips:<br \/>\n4 antique silver-coloured, robust FHB steel clips Braces with 4 clips hold the trousers more evenly than models with 3 clips, which only have one clip in the middle at the back.gentle clips the integrated plastic inserts in the clips ensure a very stable hold and at the same time protect the trousers from damage.<br \/>\nManufactured in:<br \/>\nUkraine<\/p>","protected":false},"excerpt":{"rendered":"<p>Gr\u00f6sse: 140 cm.Extra lang \u0096 in seiner maximalen Gr\u00f6sse ist der Hosentr\u00e4ger 140 cm lang. Somit eignet er sich auch perfekt f\u00fcr K\u00f6rpergr\u00f6ssen \u00fcber 190 cm.Stufenlos verstellbar \u0096 dank der leicht verstellbarer Metall-Schnallen kann die L\u00e4nge der Hosentr\u00e4ger individuell an die K\u00f6rpergr\u00f6sse und K\u00f6rperform angepasst werden. Elastisch \u0096 dehnbare Tr\u00e4ger f\u00fcr einen angenehmen TragekomfortExtra breit [&hellip;]<\/p>\n","protected":false},"featured_media":672299,"template":"","meta":[],"product_brand":[],"product_cat":[4209],"product_tag":[],"class_list":{"0":"post-613161","1":"product","2":"type-product","3":"status-publish","4":"has-post-thumbnail","6":"product_cat-zubehoer","7":"pa_brand-fhb","8":"pa_brand-type-workwear","9":"pa_filter-color-schwarz","11":"first","12":"instock","13":"sale","14":"taxable","15":"shipping-taxable","16":"purchasable","17":"product-type-variable","18":"add-to-wishlist-before_image"},"exclude_global_add_ons":[],"addons":[],"acf":[],"_links":{"self":[{"href":"https:\/\/shop.kustom.ch\/en\/wp-json\/wp\/v2\/product\/613161"}],"collection":[{"href":"https:\/\/shop.kustom.ch\/en\/wp-json\/wp\/v2\/product"}],"about":[{"href":"https:\/\/shop.kustom.ch\/en\/wp-json\/wp\/v2\/types\/product"}],"wp:featuredmedia":[{"embeddable":true,"href":"https:\/\/shop.kustom.ch\/en\/wp-json\/wp\/v2\/media\/672299"}],"wp:attachment":[{"href":"https:\/\/shop.kustom.ch\/en\/wp-json\/wp\/v2\/media?parent=613161"}],"wp:term":[{"taxonomy":"product_brand","embeddable":true,"href":"https:\/\/shop.kustom.ch\/en\/wp-json\/wp\/v2\/product_brand?post=613161"},{"taxonomy":"product_cat","embeddable":true,"href":"https:\/\/shop.kustom.ch\/en\/wp-json\/wp\/v2\/product_cat?post=613161"},{"taxonomy":"product_tag","embeddable":true,"href":"https:\/\/shop.kustom.ch\/en\/wp-json\/wp\/v2\/product_tag?post=613161"}],"curies":[{"name":"wp","href":"https:\/\/api.w.org\/{rel}","templated":true}]}}