{"id":613147,"date":"2025-03-06T04:49:40","date_gmt":"2025-03-06T03:49:40","guid":{"rendered":"https:\/\/shop.kustom.ch\/?post_type=product&#038;p=613147"},"modified":"2026-04-01T07:15:50","modified_gmt":"2026-04-01T06:15:50","slug":"fhb-original-alexander-hosentraeger-maurer","status":"publish","type":"product","link":"https:\/\/shop.kustom.ch\/en\/product\/fhb-original-alexander-hosentraeger-maurer\/","title":{"rendered":"ALEXANDER Bricklayer braces"},"content":{"rendered":"<p>Guild:<br \/>\nBricklayer<br \/>\nSize:<br \/>\n120 cm Infinitely adjustable thanks to the easily adjustable metal buckles, the length of the braces can be individually adapted to your body size and shape.<br \/>\nIn its maximum size, the braces are 120 cm long.<br \/>\nDetails:<br \/>\nSturdy, 4 cm wide braces Elasticated, stretchy braces for a comfortable fit X-shaped braces are particularly advantageous at work.<br \/>\nThe crossed straps in the back provide particularly good support.<br \/>\nThe back cross is made of genuine leather.<br \/>\nLeather adapts well to the body and is very durable.<br \/>\n4 robust FHB steel clips Braces with 4 clips hold the trousers more evenly than models with 3 clips, which only have one clip in the centre at the back.gentle clips the integrated plastic inserts in the clips ensure a very stable hold and at the same time protect the trousers from damage.<br \/>\nManufactured in:<br \/>\nGermany<\/p>","protected":false},"excerpt":{"rendered":"<p>Zunft: Maurer Gr\u00f6sse: 120 cm.Stufenlos verstellbar \u0096 dank der leicht verstellbarer Metall-Schnallen kann die L\u00e4nge der Hosentr\u00e4ger individuell an die K\u00f6rpergr\u00f6sse und K\u00f6rperform angepasst werden. In seiner maximalen Gr\u00f6sse ist der Hosentr\u00e4ger 120 cm lang. Details: Zunftzeichen gesticktStabiler, 4 cm breiter Tr\u00e4ger.Elastisch \u0096 dehnbare Tr\u00e4ger f\u00fcr einen angenehmen TragekomfortX-Form \u0096 besonders bei der Arbeit sind [&hellip;]<\/p>\n","protected":false},"featured_media":671863,"template":"","meta":[],"product_brand":[],"product_cat":[4209],"product_tag":[],"class_list":{"0":"post-613147","1":"product","2":"type-product","3":"status-publish","4":"has-post-thumbnail","6":"product_cat-zubehoer","7":"pa_brand-fhb","8":"pa_brand-type-workwear","9":"pa_filter-color-schwarz","11":"first","12":"instock","13":"sale","14":"taxable","15":"shipping-taxable","16":"purchasable","17":"product-type-variable","18":"add-to-wishlist-before_image"},"exclude_global_add_ons":[],"addons":[],"acf":[],"_links":{"self":[{"href":"https:\/\/shop.kustom.ch\/en\/wp-json\/wp\/v2\/product\/613147"}],"collection":[{"href":"https:\/\/shop.kustom.ch\/en\/wp-json\/wp\/v2\/product"}],"about":[{"href":"https:\/\/shop.kustom.ch\/en\/wp-json\/wp\/v2\/types\/product"}],"wp:featuredmedia":[{"embeddable":true,"href":"https:\/\/shop.kustom.ch\/en\/wp-json\/wp\/v2\/media\/671863"}],"wp:attachment":[{"href":"https:\/\/shop.kustom.ch\/en\/wp-json\/wp\/v2\/media?parent=613147"}],"wp:term":[{"taxonomy":"product_brand","embeddable":true,"href":"https:\/\/shop.kustom.ch\/en\/wp-json\/wp\/v2\/product_brand?post=613147"},{"taxonomy":"product_cat","embeddable":true,"href":"https:\/\/shop.kustom.ch\/en\/wp-json\/wp\/v2\/product_cat?post=613147"},{"taxonomy":"product_tag","embeddable":true,"href":"https:\/\/shop.kustom.ch\/en\/wp-json\/wp\/v2\/product_tag?post=613147"}],"curies":[{"name":"wp","href":"https:\/\/api.w.org\/{rel}","templated":true}]}}