{"id":613042,"date":"2025-03-06T04:43:36","date_gmt":"2025-03-06T03:43:36","guid":{"rendered":"https:\/\/shop.kustom.ch\/?post_type=product&#038;p=613042"},"modified":"2026-04-01T07:31:02","modified_gmt":"2026-04-01T06:31:02","slug":"fhb-original-moritz-holstertasche-links","status":"publish","type":"product","link":"https:\/\/shop.kustom.ch\/en\/product\/fhb-original-moritz-holstertasche-links\/","title":{"rendered":"MORITZ holster pocket left"},"content":{"rendered":"<p>Mass:<br \/>\nHeight 26.5 cm (bag height without fasteners 23 cm)Width 20 cm<br \/>\nAdditional storage space:<br \/>\n1 spacious volume pocket offers enough space for nails, screws, cutter knife blades, drills, gloves, staples and much more.Flap with Velcro fastener to cover the compartment.The flap can be slid into the compartment while working to have full access to the contents at all times.Extra wide access.Loop as hammer holder on the front and 2 further loops for pliers or other tools.Moritz is attached to the belt loops on the left side of the trousers.<br \/>\nParticularly robust material:<br \/>\nCORDURA\u00ae is an extremely robust fabric.<br \/>\nIt is up to ten times more abrasion-resistant than cotton.<br \/>\nThe special weaving technique and coating guarantee this outstanding durability.<br \/>\nThe material is particularly resistant to tears and punctures.<br \/>\nThis means that nails, screws and other sharp-edged objects are perfectly protected, and another plus point: CORDURA\u00ae is highly water-repellent.<br \/>\nThe contents are protected from moisture.<br \/>\nInnovative quick-release fastener:<br \/>\nThanks to the innovative quick-release fastener, the tool bag can be easily attached to and removed from the belt loops in a matter of seconds.<br \/>\nThe flexible fastener was developed together with YKK.<br \/>\nThe two fasteners have the right distance for the belt loops of our work trousers and guild trousers.<\/p>","protected":false},"excerpt":{"rendered":"<p>Masse: H\u00f6he 26,5 cm (Taschenh\u00f6he ohne Verschl\u00fcsse 23 cm)Breite 20 cm Zus\u00e4tzlicher Stauraum: 1 ger\u00e4umige Volumentaschen bietet genug Platz f\u00fcr N\u00e4gel, Schrauben, Cuttermesser-Klingen, Bohrer, Handschuhe, Tackerklammern und vieles mehr.Pattenklappe mit Klettverschluss zur Abdeckung des Fachs.Die Patte kann w\u00e4hrend der Arbeit in das Fach geschoben werden, um permanent vollen Zugriff auf den Inhalt zu haben.Extra breiter [&hellip;]<\/p>\n","protected":false},"featured_media":672249,"template":"","meta":[],"product_brand":[],"product_cat":[4209],"product_tag":[],"class_list":{"0":"post-613042","1":"product","2":"type-product","3":"status-publish","4":"has-post-thumbnail","6":"product_cat-zubehoer","7":"pa_brand-fhb","8":"pa_brand-type-workwear","9":"pa_filter-color-schwarz","11":"first","12":"instock","13":"sale","14":"taxable","15":"shipping-taxable","16":"purchasable","17":"product-type-variable","18":"add-to-wishlist-before_image"},"exclude_global_add_ons":[],"addons":[],"acf":[],"_links":{"self":[{"href":"https:\/\/shop.kustom.ch\/en\/wp-json\/wp\/v2\/product\/613042"}],"collection":[{"href":"https:\/\/shop.kustom.ch\/en\/wp-json\/wp\/v2\/product"}],"about":[{"href":"https:\/\/shop.kustom.ch\/en\/wp-json\/wp\/v2\/types\/product"}],"wp:featuredmedia":[{"embeddable":true,"href":"https:\/\/shop.kustom.ch\/en\/wp-json\/wp\/v2\/media\/672249"}],"wp:attachment":[{"href":"https:\/\/shop.kustom.ch\/en\/wp-json\/wp\/v2\/media?parent=613042"}],"wp:term":[{"taxonomy":"product_brand","embeddable":true,"href":"https:\/\/shop.kustom.ch\/en\/wp-json\/wp\/v2\/product_brand?post=613042"},{"taxonomy":"product_cat","embeddable":true,"href":"https:\/\/shop.kustom.ch\/en\/wp-json\/wp\/v2\/product_cat?post=613042"},{"taxonomy":"product_tag","embeddable":true,"href":"https:\/\/shop.kustom.ch\/en\/wp-json\/wp\/v2\/product_tag?post=613042"}],"curies":[{"name":"wp","href":"https:\/\/api.w.org\/{rel}","templated":true}]}}