{"id":613040,"date":"2025-03-06T04:43:35","date_gmt":"2025-03-06T03:43:35","guid":{"rendered":"https:\/\/shop.kustom.ch\/?post_type=product&#038;p=613040"},"modified":"2026-04-01T07:18:46","modified_gmt":"2026-04-01T06:18:46","slug":"fhb-original-max-holstertasche-rechts","status":"publish","type":"product","link":"https:\/\/shop.kustom.ch\/en\/product\/fhb-original-max-holstertasche-rechts\/","title":{"rendered":"MAX holster pocket right"},"content":{"rendered":"<p>Mass:<br \/>\nHeight 26.5 cm (bag height without fasteners 23 cm)Width 20 cm<br \/>\nAdditional storage space:<br \/>\n2 spacious, stacked volume pockets offer enough space for nails, screws, cutter knife blades, drills, gloves, staples and much more.Flap with Velcro fastening to cover the compartments.The flap can be slid into the rear compartment during work in order to have full access to the contents at all times.Extra wide opening.Max is attached to the belt loops on the right side of the trousers.<br \/>\nParticularly robust material:<br \/>\nCORDURA\u00ae is an extremely robust fabric.<br \/>\nIt is up to ten times more abrasion-resistant than cotton.<br \/>\nThe special weaving technique and coating guarantee this outstanding durability.<br \/>\nThe material is particularly resistant to tears and punctures.<br \/>\nThis means that nails, screws and other sharp-edged objects are perfectly protected, and another plus point: CORDURA\u00ae is highly water-repellent.<br \/>\nThe contents are protected from moisture.<br \/>\nInnovative quick-release fastener:<br \/>\nThanks to the innovative quick-release fastener, the tool bag can be easily attached to and removed from the belt loops in a matter of seconds.<br \/>\nThe flexible fastener was developed together with YKK.<br \/>\nThe two fasteners have the right distance for the belt loops of our work trousers and guild trousers.<\/p>","protected":false},"excerpt":{"rendered":"<p>Masse: H\u00f6he 26,5 cm (Taschenh\u00f6he ohne Verschl\u00fcsse 23 cm)Breite 20 cm Zus\u00e4tzlicher Stauraum: 2 ger\u00e4umige, aufeinander liegende Volumentaschen bieten genug Platz f\u00fcr N\u00e4gel, Schrauben, Cuttermesser-Klingen, Bohrer, Handschuhe, Tackerklammern und vieles mehr.Pattenklappe mit Klettverschluss zur Abdeckung der F\u00e4cher.Die Patte kann w\u00e4hrend der Arbeit in das hintere Fach geschoben werden, um permanent vollen Zugriff auf den Inhalt [&hellip;]<\/p>\n","protected":false},"featured_media":672243,"template":"","meta":[],"product_brand":[],"product_cat":[4209],"product_tag":[],"class_list":{"0":"post-613040","1":"product","2":"type-product","3":"status-publish","4":"has-post-thumbnail","6":"product_cat-zubehoer","7":"pa_brand-fhb","8":"pa_brand-type-workwear","9":"pa_filter-color-schwarz","11":"first","12":"instock","13":"sale","14":"taxable","15":"shipping-taxable","16":"purchasable","17":"product-type-variable","18":"add-to-wishlist-before_image"},"exclude_global_add_ons":[],"addons":[],"acf":[],"_links":{"self":[{"href":"https:\/\/shop.kustom.ch\/en\/wp-json\/wp\/v2\/product\/613040"}],"collection":[{"href":"https:\/\/shop.kustom.ch\/en\/wp-json\/wp\/v2\/product"}],"about":[{"href":"https:\/\/shop.kustom.ch\/en\/wp-json\/wp\/v2\/types\/product"}],"wp:featuredmedia":[{"embeddable":true,"href":"https:\/\/shop.kustom.ch\/en\/wp-json\/wp\/v2\/media\/672243"}],"wp:attachment":[{"href":"https:\/\/shop.kustom.ch\/en\/wp-json\/wp\/v2\/media?parent=613040"}],"wp:term":[{"taxonomy":"product_brand","embeddable":true,"href":"https:\/\/shop.kustom.ch\/en\/wp-json\/wp\/v2\/product_brand?post=613040"},{"taxonomy":"product_cat","embeddable":true,"href":"https:\/\/shop.kustom.ch\/en\/wp-json\/wp\/v2\/product_cat?post=613040"},{"taxonomy":"product_tag","embeddable":true,"href":"https:\/\/shop.kustom.ch\/en\/wp-json\/wp\/v2\/product_tag?post=613040"}],"curies":[{"name":"wp","href":"https:\/\/api.w.org\/{rel}","templated":true}]}}