{"id":612908,"date":"2025-03-06T04:40:12","date_gmt":"2025-03-06T03:40:12","guid":{"rendered":"https:\/\/shop.kustom.ch\/?post_type=product&#038;p=612908"},"modified":"2026-04-01T07:35:16","modified_gmt":"2026-04-01T06:35:16","slug":"fhb-original-julian-sneaker-flach-en-iso-20345-s3","status":"publish","type":"product","link":"https:\/\/shop.kustom.ch\/en\/product\/fhb-original-julian-sneaker-flach-en-iso-20345-s3\/","title":{"rendered":"JULIAN sneaker flat EN ISO 25-S3"},"content":{"rendered":"<p>Norm:<br \/>\nCertified according to EN ISO 20345<br \/>\nProtection class:<br \/>\nS3<br \/>\nFit:<br \/>\nFoot width 11.half-high shaft.<br \/>\nLace-up shoe can be fastened with 10 metal eyelets.<br \/>\nPenetration protection:<br \/>\nTextile, metal-free penetration protection.<br \/>\nThe puncture-resistant sole protects against injuries caused by small objects lying around, such as nails or broken glass.<br \/>\nToe protection:<br \/>\nThe wide toe cap made of fibreglass-reinforced plastic reliably protects your toes from falling objects.<br \/>\nIt also offers enough room for the toes.<br \/>\nOutsole:<br \/>\nThe outsole is flexible and has the best cushioning properties, which supports natural rolling behaviour.<br \/>\nThe sides of the sole are reinforced with an additional insert to relieve pressure on the foot and increase wearer comfort, making them particularly abrasion-resistant and dimensionally stable.<br \/>\nInsole:<br \/>\nThe soft, shock-absorbing insole ensures a high level of walking comfort.<br \/>\nIt is anatomically shaped and supports your feet in a natural rolling movement, while the breathable insole has good moisture regulation and thus ensures a pleasant foot climate. the insole can be removed.<br \/>\nInner lining:<br \/>\nInside the shoes, a breathable, functional textile lining ensures optimum moisture regulation and quick drying of the shoes, while the hard-wearing inner lining is highly abrasion-resistant and therefore durable. Material: Buffalo leather<\/p>","protected":false},"excerpt":{"rendered":"<p>Norm: Zertifiziert nach EN ISO 20345 Schutzklasse: S3 Passform: Fussweite 11.Halbhoher Schaft. Schn\u00fcrschuh mit 10 Metall\u00f6sen verschliessbar. Durchtrittschutz: Textiler, metallfreier Durchtrittschutz. Die durchtrittsichere Sohle sch\u00fctzt vor Verletzungen durch herumliegenden Kleinteile, wie z.B. N\u00e4gel oder Scherben. Zehenschutz: Die breite Zehenschutzkappe aus glasfaserverst\u00e4rktem Kunststoff sch\u00fctzt deine Zehen zuverl\u00e4ssig vor herabfallenden Gegenst\u00e4nden. Sie bietet zudem noch gen\u00fcgend Raum [&hellip;]<\/p>\n","protected":false},"featured_media":672159,"template":"","meta":[],"product_brand":[],"product_cat":[4197],"product_tag":[],"class_list":{"0":"post-612908","1":"product","2":"type-product","3":"status-publish","4":"has-post-thumbnail","6":"product_cat-schuhe-sandalen","7":"pa_brand-fhb","8":"pa_brand-type-workwear","9":"pa_filter-color-schwarz","11":"first","12":"instock","13":"sale","14":"taxable","15":"shipping-taxable","16":"purchasable","17":"product-type-variable","18":"add-to-wishlist-before_image"},"exclude_global_add_ons":[],"addons":[],"acf":[],"_links":{"self":[{"href":"https:\/\/shop.kustom.ch\/en\/wp-json\/wp\/v2\/product\/612908"}],"collection":[{"href":"https:\/\/shop.kustom.ch\/en\/wp-json\/wp\/v2\/product"}],"about":[{"href":"https:\/\/shop.kustom.ch\/en\/wp-json\/wp\/v2\/types\/product"}],"wp:featuredmedia":[{"embeddable":true,"href":"https:\/\/shop.kustom.ch\/en\/wp-json\/wp\/v2\/media\/672159"}],"wp:attachment":[{"href":"https:\/\/shop.kustom.ch\/en\/wp-json\/wp\/v2\/media?parent=612908"}],"wp:term":[{"taxonomy":"product_brand","embeddable":true,"href":"https:\/\/shop.kustom.ch\/en\/wp-json\/wp\/v2\/product_brand?post=612908"},{"taxonomy":"product_cat","embeddable":true,"href":"https:\/\/shop.kustom.ch\/en\/wp-json\/wp\/v2\/product_cat?post=612908"},{"taxonomy":"product_tag","embeddable":true,"href":"https:\/\/shop.kustom.ch\/en\/wp-json\/wp\/v2\/product_tag?post=612908"}],"curies":[{"name":"wp","href":"https:\/\/api.w.org\/{rel}","templated":true}]}}