{"id":612878,"date":"2025-03-06T04:40:05","date_gmt":"2025-03-06T03:40:05","guid":{"rendered":"https:\/\/shop.kustom.ch\/?post_type=product&#038;p=612878"},"modified":"2026-04-01T07:37:36","modified_gmt":"2026-04-01T06:37:36","slug":"fhb-original-jan-zunftweste-zwirn-doppel-pilot","status":"publish","type":"product","link":"https:\/\/shop.kustom.ch\/en\/product\/fhb-original-jan-zunftweste-zwirn-doppel-pilot\/","title":{"rendered":"JAN guild waistcoat twisted double pilot"},"content":{"rendered":"<p>Fit:<br \/>\nLoose fit, straight cut, neckline and armhole are cut so that you have full freedom of movement while working.<br \/>\nLong back:<br \/>\nThe so-called kidney protection of the guild waistcoat effectively shields the kidneys and lower back from the cold and wind.<br \/>\nA guild waistcoat with a long back is particularly comfortable to wear on cooler days.<br \/>\nThe back has the same heavy fabric quality as the front.<br \/>\nWidth adjustment:<br \/>\n2 back buckle straps to individually adjust the width of the waistcoat.<br \/>\nButtons:<br \/>\nTraditional double-breasted, eight-button, imitation mother-of-pearl buttons.<br \/>\nBags:<br \/>\n2 open outside pockets.1 inside pocket with Velcro fastening.<br \/>\nProcessing:<br \/>\nParticularly robust seams for an extra long service life.<br \/>\nThe buttons are sewn onto stems and then wrapped under tension with a special, elasticated heat-setting yarn known as Ascolite.<br \/>\nThis Ascolite process was developed to solve the problem of buttons coming off and to increase the durability of guild waistcoats.<br \/>\nYour logo:<br \/>\nGood finishing options to place your logo perfectly. Material: 100% cotton<\/p>","protected":false},"excerpt":{"rendered":"<p>Passform: Lockere Passform, gerader Schnitt.Halsausschnitt und Armloch sind so geschnitten, dass du w\u00e4hrend der Arbeit volle Bewegungsfreiheit hast. Langer R\u00fccken: Der sogenannte Nierenschutz der Zunftweste schirmt die Nieren und den unteren R\u00fccken effektiv vor K\u00e4lte und Wind ab. Eine Zunftweste mit langem R\u00fccken ist besonders an k\u00fchleren Tagen angenehm zu tragen. Der R\u00fccken hat die [&hellip;]<\/p>\n","protected":false},"featured_media":672120,"template":"","meta":[],"product_brand":[],"product_cat":[4208],"product_tag":[],"class_list":{"0":"post-612878","1":"product","2":"type-product","3":"status-publish","4":"has-post-thumbnail","6":"product_cat-westen","7":"pa_brand-fhb","8":"pa_brand-type-workwear","9":"pa_filter-color-hamburger-streifen","11":"first","12":"instock","13":"sale","14":"taxable","15":"shipping-taxable","16":"purchasable","17":"product-type-variable","18":"add-to-wishlist-before_image"},"exclude_global_add_ons":[],"addons":[],"acf":[],"_links":{"self":[{"href":"https:\/\/shop.kustom.ch\/en\/wp-json\/wp\/v2\/product\/612878"}],"collection":[{"href":"https:\/\/shop.kustom.ch\/en\/wp-json\/wp\/v2\/product"}],"about":[{"href":"https:\/\/shop.kustom.ch\/en\/wp-json\/wp\/v2\/types\/product"}],"wp:featuredmedia":[{"embeddable":true,"href":"https:\/\/shop.kustom.ch\/en\/wp-json\/wp\/v2\/media\/672120"}],"wp:attachment":[{"href":"https:\/\/shop.kustom.ch\/en\/wp-json\/wp\/v2\/media?parent=612878"}],"wp:term":[{"taxonomy":"product_brand","embeddable":true,"href":"https:\/\/shop.kustom.ch\/en\/wp-json\/wp\/v2\/product_brand?post=612878"},{"taxonomy":"product_cat","embeddable":true,"href":"https:\/\/shop.kustom.ch\/en\/wp-json\/wp\/v2\/product_cat?post=612878"},{"taxonomy":"product_tag","embeddable":true,"href":"https:\/\/shop.kustom.ch\/en\/wp-json\/wp\/v2\/product_tag?post=612878"}],"curies":[{"name":"wp","href":"https:\/\/api.w.org\/{rel}","templated":true}]}}