{"id":612812,"date":"2025-03-06T04:39:19","date_gmt":"2025-03-06T03:39:19","guid":{"rendered":"https:\/\/shop.kustom.ch\/?post_type=product&#038;p=612812"},"modified":"2026-04-01T07:36:14","modified_gmt":"2026-04-01T06:36:14","slug":"fhb-original-pit-zunfthose-zwirn-doppel-pilot","status":"publish","type":"product","link":"https:\/\/shop.kustom.ch\/en\/product\/fhb-original-pit-zunfthose-zwirn-doppel-pilot\/","title":{"rendered":"PIT guild trousers twisted double pilot"},"content":{"rendered":"<p>Fit:<br \/>\nThe guild trousers have a comfortable cut and fit loosely and comfortably, and are cut slightly wider at the thighs so that they don't restrict your movement, even with a folding rule in the side pocket.<br \/>\nTrouser shape:<br \/>\nWith blow.<br \/>\nFoot width circumference:<br \/>\n65 cm<br \/>\nBags:<br \/>\nFolding rule pockets on the right and left.spacious volume pockets with wide opening.fixed pocket bags are made of hard-wearing lining fabric (300 g\/m\u00b2).<br \/>\n1 back pocket with button, the belt loops have the right distance for the FHB Max and Moritz holster pockets.<br \/>\nZip fasteners:<br \/>\nThe golden and extra-wide zips from YKK with solid end pieces are particularly robust and durable.<br \/>\nProcessing:<br \/>\nRobust, double-stitched seat seams reinforce the trousers for extra durability.<br \/>\nDouble-stitched corners and faux leather piping protect the corners of the bag from tearing, even under heavy loads.<br \/>\nYour logo:<br \/>\nGood finishing options to place your logo perfectly. Material: 100% cotton<\/p>","protected":false},"excerpt":{"rendered":"<p>Passform: Die Zunfthose ist bequem geschnitten und sitzt locker und angenehm.An den Oberschenkeln ist die Zunfthose etwas weiter geschnitten, damit sie dich auch mit Zollstock in der seitlichen Tasche nicht in der Bewegung einschr\u00e4nkt. Hosenform: Mit Schlag. Fussweitenumfang: 65 cm Taschen: Zollstocktaschen rechts und links.Ger\u00e4umige Volumentaschen mit breitem Eingriff.Feste Taschenbeutel sind aus strapazierf\u00e4higem Futterstoff (300 [&hellip;]<\/p>\n","protected":false},"featured_media":672278,"template":"","meta":[],"product_brand":[],"product_cat":[4185],"product_tag":[],"class_list":{"0":"post-612812","1":"product","2":"type-product","3":"status-publish","4":"has-post-thumbnail","6":"product_cat-hosen","7":"pa_brand-fhb","8":"pa_brand-type-workwear","9":"pa_filter-color-hamburger-streifen","11":"first","12":"instock","13":"sale","14":"taxable","15":"shipping-taxable","16":"purchasable","17":"product-type-variable","18":"add-to-wishlist-before_image"},"exclude_global_add_ons":[],"addons":[],"acf":[],"_links":{"self":[{"href":"https:\/\/shop.kustom.ch\/en\/wp-json\/wp\/v2\/product\/612812"}],"collection":[{"href":"https:\/\/shop.kustom.ch\/en\/wp-json\/wp\/v2\/product"}],"about":[{"href":"https:\/\/shop.kustom.ch\/en\/wp-json\/wp\/v2\/types\/product"}],"wp:featuredmedia":[{"embeddable":true,"href":"https:\/\/shop.kustom.ch\/en\/wp-json\/wp\/v2\/media\/672278"}],"wp:attachment":[{"href":"https:\/\/shop.kustom.ch\/en\/wp-json\/wp\/v2\/media?parent=612812"}],"wp:term":[{"taxonomy":"product_brand","embeddable":true,"href":"https:\/\/shop.kustom.ch\/en\/wp-json\/wp\/v2\/product_brand?post=612812"},{"taxonomy":"product_cat","embeddable":true,"href":"https:\/\/shop.kustom.ch\/en\/wp-json\/wp\/v2\/product_cat?post=612812"},{"taxonomy":"product_tag","embeddable":true,"href":"https:\/\/shop.kustom.ch\/en\/wp-json\/wp\/v2\/product_tag?post=612812"}],"curies":[{"name":"wp","href":"https:\/\/api.w.org\/{rel}","templated":true}]}}