{"id":612118,"date":"2025-03-06T04:32:49","date_gmt":"2025-03-06T03:32:49","guid":{"rendered":"https:\/\/shop.kustom.ch\/?post_type=product&#038;p=612118"},"modified":"2026-04-01T07:16:27","modified_gmt":"2026-04-01T06:16:27","slug":"fhb-original-georg-arbeitsjacke-primaloft","status":"publish","type":"product","link":"https:\/\/shop.kustom.ch\/en\/product\/fhb-original-georg-arbeitsjacke-primaloft\/","title":{"rendered":"GEORG Primaloft work jacket"},"content":{"rendered":"<p>Loose fit:<br \/>\nGeorg has a loose cut.<br \/>\nThe jacket fits comfortably and does not restrict your movement.<br \/>\nAs part of a layering system, Georg can be worn with one or two intermediate layers underneath.<br \/>\nThe special sleeve fit prevents the jacket from riding up and the sleeves are slightly longer so that the wrists are covered even when the arms are stretched out.<br \/>\nThe back is also slightly longer and covers the back area even when bent or kneeling, which is particularly comfortable on colder days.<br \/>\nSoft fleece collar.<br \/>\nWidth adjustment:<br \/>\nThe hem can be adjusted to the ideal width with a drawstring and fastened with stoppers.<br \/>\nThis ensures that the jacket fits well and that no unpleasant cold can penetrate, while the cuffs have a tab with Velcro fastening to adjust the width.<br \/>\nBags:<br \/>\n2 x 2 side pockets with zip.<br \/>\nThe pockets are equipped with a hard-wearing pocket lining.<br \/>\nConcealed breast pocket on the outside with zip fastening, inner pocket with zip fastening, pen pocket on the left arm.<br \/>\nFunctional zip from YKK:<br \/>\nFull-length, very smooth-running front zip from YKK, extended zip so that the zip is easy to use even when wearing gloves.<br \/>\nThe zip is softly shaped and has a non-slip inside, while the chin guard (zip garage) on the high collar prevents the closed zip from scratching.<br \/>\nWind protection strip:<br \/>\nA storm flap is sewn in behind the front zip along the entire length to keep out cold air.<br \/>\nHood with peak:<br \/>\nIn combination with the high-closing storm collar, the hood reliably protects the head from rain and wind and is adjustable and can be individually adapted to the field of vision.<br \/>\nYou can also wear a hat or a hood from the midlayer under the hood, which can be removed in good weather.<br \/>\nWhen the hood is removed, the remaining part of the zip can be neatly covered by a flap.<br \/>\nYour logo:<br \/>\nGood finishing options on both sides of the chest and back.<br \/>\nEasy handling of the finish thanks to the inside zip for opening the inner lining. Material: 100% polyester<\/p>","protected":false},"excerpt":{"rendered":"<p>Lockere Passform: Georg ist locker geschnitten. Die Jacke sitzt bequem und schr\u00e4nkt dich in deiner Bewegung nicht ein. Als Teil eines Schichtensystems kann Georg mit einer oder zwei Zwischenschichten darunter getragen werden. So bleibst du flexibel und kannst auf wechselnde Wetterbedingungen reagieren.Die spezielle \u00c4rmelpassform verhindert ein Hochrutschen der Jacke.Die \u00c4rmel sind leicht verl\u00e4ngert, so dass [&hellip;]<\/p>\n","protected":false},"featured_media":672045,"template":"","meta":[],"product_brand":[],"product_cat":[4186],"product_tag":[],"class_list":{"0":"post-612118","1":"product","2":"type-product","3":"status-publish","4":"has-post-thumbnail","6":"product_cat-jacken","7":"pa_brand-fhb","8":"pa_brand-type-workwear","9":"pa_filter-color-anthrazit-schwarz","10":"pa_filter-color-beige-schwarz","11":"pa_filter-color-grau-schwarz","12":"pa_filter-color-gruen-schwarz","13":"pa_filter-color-marine-schwarz","14":"pa_filter-color-oliv-schwarz","15":"pa_filter-color-rot-schwarz","16":"pa_filter-color-royalblau-schwarz","17":"pa_filter-color-schwarz","18":"pa_filter-color-weiss-anthrazit","20":"first","21":"instock","22":"sale","23":"taxable","24":"shipping-taxable","25":"purchasable","26":"product-type-variable","27":"add-to-wishlist-before_image"},"exclude_global_add_ons":[],"addons":[],"acf":[],"_links":{"self":[{"href":"https:\/\/shop.kustom.ch\/en\/wp-json\/wp\/v2\/product\/612118"}],"collection":[{"href":"https:\/\/shop.kustom.ch\/en\/wp-json\/wp\/v2\/product"}],"about":[{"href":"https:\/\/shop.kustom.ch\/en\/wp-json\/wp\/v2\/types\/product"}],"wp:featuredmedia":[{"embeddable":true,"href":"https:\/\/shop.kustom.ch\/en\/wp-json\/wp\/v2\/media\/672045"}],"wp:attachment":[{"href":"https:\/\/shop.kustom.ch\/en\/wp-json\/wp\/v2\/media?parent=612118"}],"wp:term":[{"taxonomy":"product_brand","embeddable":true,"href":"https:\/\/shop.kustom.ch\/en\/wp-json\/wp\/v2\/product_brand?post=612118"},{"taxonomy":"product_cat","embeddable":true,"href":"https:\/\/shop.kustom.ch\/en\/wp-json\/wp\/v2\/product_cat?post=612118"},{"taxonomy":"product_tag","embeddable":true,"href":"https:\/\/shop.kustom.ch\/en\/wp-json\/wp\/v2\/product_tag?post=612118"}],"curies":[{"name":"wp","href":"https:\/\/api.w.org\/{rel}","templated":true}]}}