{"id":612033,"date":"2025-03-06T04:32:04","date_gmt":"2025-03-06T03:32:04","guid":{"rendered":"https:\/\/shop.kustom.ch\/?post_type=product&#038;p=612033"},"modified":"2026-04-01T07:21:03","modified_gmt":"2026-04-01T06:21:03","slug":"fhb-original-maximilian-hybrid-softshell-jacke","status":"publish","type":"product","link":"https:\/\/shop.kustom.ch\/en\/product\/fhb-original-maximilian-hybrid-softshell-jacke\/","title":{"rendered":"MAXIMILIAN hybrid softshell jacket"},"content":{"rendered":"<p>Fit:<br \/>\nMaximilian has a sporty cut.<br \/>\nThe modern work jacket fits close to the body without restricting your movement - even if you wear a sweatshirt underneath as an intermediate layer.<br \/>\nThe back is slightly longer and covers the back area even when bent or kneeling, which is particularly comfortable on colder days.<br \/>\nThe high-quality FHB softshell fabric is stretchy and extremely supple.<br \/>\nWidth adjustment:<br \/>\nThe waistband can be adjusted to the ideal width with a drawstring and fixed with stoppers.<br \/>\nThis ensures that the jacket fits well and that no unpleasant cold can penetrate.<br \/>\nBags:<br \/>\n2 spacious side pockets with zip.<br \/>\nThe pockets are equipped with a hard-wearing pocket lining.<br \/>\n1 outside breast pocket with zip.2 open inside pockets.<br \/>\nFunctional zip:<br \/>\nFull-length, very smooth-running front zip from YKK, extended zip so that the zip is easy to use even when wearing gloves.<br \/>\nThe zip is softly shaped and has a non-slip inside, while the chin guard (zip garage) on the high collar prevents the closed zip from scratching.<br \/>\nWind protection strip:<br \/>\nA storm flap is sewn in behind the front zip along the entire length to keep out cold air.<br \/>\nHood:<br \/>\nThe hood, together with the high-closing collar, reliably protects the head from the wet and wind, while the width of the hood is adjustable and can be individually adapted to the field of vision.<br \/>\nYour logo:<br \/>\nGood decoration options on the front, back and sides. Material: 96% polyester, 4% elastane<\/p>","protected":false},"excerpt":{"rendered":"<p>Passform: Maximilian ist sportlich geschnitten. Die moderne Arbeitsjacke sitzt k\u00f6rpernah, ohne dich in deiner Bewegung einzuschr\u00e4nken &#8211; auch wenn du noch ein Sweatshirt als Zwischenschicht darunter tr\u00e4gst. Der R\u00fccken ist leicht verl\u00e4ngert und deckt auch bei gebeugter oder kniender Haltung den R\u00fcckbereich sauber ab, was insbesondere an k\u00e4lteren Tagen sehr angenehm ist. Das hochwertigen FHB-Softshell-Gewebe [&hellip;]<\/p>\n","protected":false},"featured_media":672244,"template":"","meta":[],"product_brand":[],"product_cat":[4186],"product_tag":[],"class_list":{"0":"post-612033","1":"product","2":"type-product","3":"status-publish","4":"has-post-thumbnail","6":"product_cat-jacken","7":"pa_brand-fhb","8":"pa_brand-type-workwear","9":"pa_filter-color-marine","10":"pa_filter-color-schwarz","12":"first","13":"instock","14":"sale","15":"taxable","16":"shipping-taxable","17":"purchasable","18":"product-type-variable","19":"add-to-wishlist-before_image"},"exclude_global_add_ons":[],"addons":[],"acf":[],"_links":{"self":[{"href":"https:\/\/shop.kustom.ch\/en\/wp-json\/wp\/v2\/product\/612033"}],"collection":[{"href":"https:\/\/shop.kustom.ch\/en\/wp-json\/wp\/v2\/product"}],"about":[{"href":"https:\/\/shop.kustom.ch\/en\/wp-json\/wp\/v2\/types\/product"}],"wp:featuredmedia":[{"embeddable":true,"href":"https:\/\/shop.kustom.ch\/en\/wp-json\/wp\/v2\/media\/672244"}],"wp:attachment":[{"href":"https:\/\/shop.kustom.ch\/en\/wp-json\/wp\/v2\/media?parent=612033"}],"wp:term":[{"taxonomy":"product_brand","embeddable":true,"href":"https:\/\/shop.kustom.ch\/en\/wp-json\/wp\/v2\/product_brand?post=612033"},{"taxonomy":"product_cat","embeddable":true,"href":"https:\/\/shop.kustom.ch\/en\/wp-json\/wp\/v2\/product_cat?post=612033"},{"taxonomy":"product_tag","embeddable":true,"href":"https:\/\/shop.kustom.ch\/en\/wp-json\/wp\/v2\/product_tag?post=612033"}],"curies":[{"name":"wp","href":"https:\/\/api.w.org\/{rel}","templated":true}]}}