{"id":612002,"date":"2025-03-06T04:31:34","date_gmt":"2025-03-06T03:31:34","guid":{"rendered":"https:\/\/shop.kustom.ch\/?post_type=product&#038;p=612002"},"modified":"2026-04-01T07:34:14","modified_gmt":"2026-04-01T06:34:14","slug":"fhb-original-mats-strick-fleece-jacke-kinder","status":"publish","type":"product","link":"https:\/\/shop.kustom.ch\/en\/product\/fhb-original-mats-strick-fleece-jacke-kinder\/","title":{"rendered":"MATS knitted fleece jacket"},"content":{"rendered":"<p>Fit:<br \/>\nThe jacket has a comfortable cut.<br \/>\nThe snug fit ensures that Mats can also be worn as a great mid-layer, while the collar fits snugly around the neck (without pinching) and protects against the cold.<br \/>\nBags:<br \/>\n2 spacious front pockets with zip.2 open inside pockets.<br \/>\nFront zip:<br \/>\nHigh-quality, smooth-running zip from YKK.<br \/>\nWind protection strip:<br \/>\nA storm flap is sewn in behind the front zip along the entire length to keep out the cold air. Material: 100% polyester<\/p>","protected":false},"excerpt":{"rendered":"<p>Passform: Die Jacke ist bequem geschnitten. Die anliegende Passform sorgt daf\u00fcr, dass Mats auch wunderbar als Zwischenschicht getragen werden kann.Der Kragen schmiegt sich an den Hals an (ohne zu dr\u00fccken) und sch\u00fctzt so vor K\u00e4lte. Taschen: 2 ger\u00e4umige Taschen mit Reissverschluss vorne.2 offene Innentaschen. Frontreissverschluss: Hochwertiger, leichtg\u00e4ngiger Reissverschluss von YKK. Windschutzleiste: Hinter dem Frontreissverschluss ist [&hellip;]<\/p>\n","protected":false},"featured_media":672237,"template":"","meta":[],"product_brand":[],"product_cat":[4186],"product_tag":[],"class_list":{"0":"post-612002","1":"product","2":"type-product","3":"status-publish","4":"has-post-thumbnail","6":"product_cat-jacken","7":"pa_brand-fhb","8":"pa_brand-type-workwear","9":"pa_filter-color-anthrazit","10":"pa_filter-color-grau","11":"pa_filter-color-gruen","12":"pa_filter-color-marine","13":"pa_filter-color-rot","15":"first","16":"instock","17":"sale","18":"taxable","19":"shipping-taxable","20":"purchasable","21":"product-type-variable","22":"add-to-wishlist-before_image"},"exclude_global_add_ons":[],"addons":[],"acf":[],"_links":{"self":[{"href":"https:\/\/shop.kustom.ch\/en\/wp-json\/wp\/v2\/product\/612002"}],"collection":[{"href":"https:\/\/shop.kustom.ch\/en\/wp-json\/wp\/v2\/product"}],"about":[{"href":"https:\/\/shop.kustom.ch\/en\/wp-json\/wp\/v2\/types\/product"}],"wp:featuredmedia":[{"embeddable":true,"href":"https:\/\/shop.kustom.ch\/en\/wp-json\/wp\/v2\/media\/672237"}],"wp:attachment":[{"href":"https:\/\/shop.kustom.ch\/en\/wp-json\/wp\/v2\/media?parent=612002"}],"wp:term":[{"taxonomy":"product_brand","embeddable":true,"href":"https:\/\/shop.kustom.ch\/en\/wp-json\/wp\/v2\/product_brand?post=612002"},{"taxonomy":"product_cat","embeddable":true,"href":"https:\/\/shop.kustom.ch\/en\/wp-json\/wp\/v2\/product_cat?post=612002"},{"taxonomy":"product_tag","embeddable":true,"href":"https:\/\/shop.kustom.ch\/en\/wp-json\/wp\/v2\/product_tag?post=612002"}],"curies":[{"name":"wp","href":"https:\/\/api.w.org\/{rel}","templated":true}]}}